{"id":59,"date":"2023-05-26T18:23:00","date_gmt":"2023-05-26T18:23:00","guid":{"rendered":"https:\/\/www.firmalegaltishbi.com\/?page_id=59"},"modified":"2023-06-08T01:08:52","modified_gmt":"2023-06-08T01:08:52","slug":"resbalon-y-caida-uber-lyft","status":"publish","type":"page","link":"https:\/\/www.firmalegaltishbi.com\/index.php\/resbalon-y-caida-uber-lyft\/","title":{"rendered":"Resbal\u00f3n y Caida, Uber\/Lyft"},"content":{"rendered":"\t\t<div data-elementor-type=\"wp-page\" data-elementor-id=\"59\" class=\"elementor elementor-59\" data-elementor-post-type=\"page\">\n\t\t\t\t\t\t<section class=\"elementor-section elementor-top-section elementor-element elementor-element-fc7cf24 elementor-section-boxed elementor-section-height-default elementor-section-height-default\" data-id=\"fc7cf24\" data-element_type=\"section\" data-settings=\"{&quot;background_background&quot;:&quot;gradient&quot;}\">\n\t\t\t\t\t\t<div class=\"elementor-container elementor-column-gap-default\">\n\t\t\t\t\t<div class=\"elementor-column elementor-col-100 elementor-top-column elementor-element elementor-element-ca9de6e\" data-id=\"ca9de6e\" data-element_type=\"column\">\n\t\t\t<div class=\"elementor-widget-wrap elementor-element-populated\">\n\t\t\t\t\t\t<div class=\"elementor-element elementor-element-99edd04 elementor-widget elementor-widget-heading\" data-id=\"99edd04\" data-element_type=\"widget\" data-widget_type=\"heading.default\">\n\t\t\t\t<div class=\"elementor-widget-container\">\n\t\t\t\t\t<h2 class=\"elementor-heading-title elementor-size-default\">Resbal\u00f3n y Ca\u00edda, Uber\/Lyft <\/h2>\t\t\t\t<\/div>\n\t\t\t\t<\/div>\n\t\t\t\t<div class=\"elementor-element elementor-element-ca4bf97 elementor-widget-divider--view-line elementor-widget elementor-widget-divider\" data-id=\"ca4bf97\" data-element_type=\"widget\" data-widget_type=\"divider.default\">\n\t\t\t\t<div class=\"elementor-widget-container\">\n\t\t\t\t\t\t\t<div class=\"elementor-divider\">\n\t\t\t<span class=\"elementor-divider-separator\">\n\t\t\t\t\t\t<\/span>\n\t\t<\/div>\n\t\t\t\t\t\t<\/div>\n\t\t\t\t<\/div>\n\t\t\t\t<section class=\"elementor-section elementor-inner-section elementor-element elementor-element-2368bf7 elementor-section-boxed elementor-section-height-default elementor-section-height-default\" data-id=\"2368bf7\" data-element_type=\"section\">\n\t\t\t\t\t\t<div class=\"elementor-container elementor-column-gap-default\">\n\t\t\t\t\t<div class=\"elementor-column elementor-col-50 elementor-inner-column elementor-element elementor-element-bd0dae5\" data-id=\"bd0dae5\" data-element_type=\"column\">\n\t\t\t<div class=\"elementor-widget-wrap elementor-element-populated\">\n\t\t\t\t\t\t<div class=\"elementor-element elementor-element-45d481f elementor-widget elementor-widget-text-editor\" data-id=\"45d481f\" data-element_type=\"widget\" data-widget_type=\"text-editor.default\">\n\t\t\t\t<div class=\"elementor-widget-container\">\n\t\t\t\t\t\t\t\t\t<p><span style=\"font-weight: 400;\">Los accidentes de resbalones y ca\u00eddas se incluyen dentro de los casos de lesiones personales por responsabilidad de los locales. Son m\u00e1s frecuentes de lo que se cree, pero no muchas demandas prosperan porque las v\u00edctimas no cuentan con un respaldo legal eficaz que sustente el caso y logre las compensaciones correspondientes. Muchas v\u00edctimas ni siquiera piensan en la posibilidad de demandar.<\/span><\/p>\t\t\t\t\t\t\t\t<\/div>\n\t\t\t\t<\/div>\n\t\t\t\t\t<\/div>\n\t\t<\/div>\n\t\t\t\t<div class=\"elementor-column elementor-col-50 elementor-inner-column elementor-element elementor-element-92ea2e4\" data-id=\"92ea2e4\" data-element_type=\"column\">\n\t\t\t<div class=\"elementor-widget-wrap elementor-element-populated\">\n\t\t\t\t\t\t<div class=\"elementor-element elementor-element-01f21f6 elementor-widget elementor-widget-image\" data-id=\"01f21f6\" data-element_type=\"widget\" data-widget_type=\"image.default\">\n\t\t\t\t<div class=\"elementor-widget-container\">\n\t\t\t\t\t\t\t\t\t\t\t\t\t\t\t<img fetchpriority=\"high\" decoding=\"async\" width=\"2560\" height=\"1708\" src=\"https:\/\/www.firmalegaltishbi.com\/wp-content\/uploads\/2023\/06\/Tishbi-10-scaled.jpg\" class=\"attachment-full size-full wp-image-639\" alt=\"\" srcset=\"https:\/\/www.firmalegaltishbi.com\/wp-content\/uploads\/2023\/06\/Tishbi-10-scaled.jpg 2560w, https:\/\/www.firmalegaltishbi.com\/wp-content\/uploads\/2023\/06\/Tishbi-10-300x200.jpg 300w, https:\/\/www.firmalegaltishbi.com\/wp-content\/uploads\/2023\/06\/Tishbi-10-1024x683.jpg 1024w, https:\/\/www.firmalegaltishbi.com\/wp-content\/uploads\/2023\/06\/Tishbi-10-768x512.jpg 768w, https:\/\/www.firmalegaltishbi.com\/wp-content\/uploads\/2023\/06\/Tishbi-10-1536x1025.jpg 1536w, https:\/\/www.firmalegaltishbi.com\/wp-content\/uploads\/2023\/06\/Tishbi-10-2048x1366.jpg 2048w\" sizes=\"(max-width: 2560px) 100vw, 2560px\" \/>\t\t\t\t\t\t\t\t\t\t\t\t\t\t\t<\/div>\n\t\t\t\t<\/div>\n\t\t\t\t\t<\/div>\n\t\t<\/div>\n\t\t\t\t\t<\/div>\n\t\t<\/section>\n\t\t\t\t<section class=\"elementor-section elementor-inner-section elementor-element elementor-element-b4d3877 elementor-section-boxed elementor-section-height-default elementor-section-height-default\" data-id=\"b4d3877\" data-element_type=\"section\">\n\t\t\t\t\t\t<div class=\"elementor-container elementor-column-gap-default\">\n\t\t\t\t\t<div class=\"elementor-column elementor-col-50 elementor-inner-column elementor-element elementor-element-bfc2ee8\" data-id=\"bfc2ee8\" data-element_type=\"column\">\n\t\t\t<div class=\"elementor-widget-wrap elementor-element-populated\">\n\t\t\t\t\t\t<div class=\"elementor-element elementor-element-449c729 elementor-hidden-mobile elementor-widget elementor-widget-image\" data-id=\"449c729\" data-element_type=\"widget\" data-widget_type=\"image.default\">\n\t\t\t\t<div class=\"elementor-widget-container\">\n\t\t\t\t\t\t\t\t\t\t\t\t\t\t\t<img decoding=\"async\" width=\"2560\" height=\"1440\" src=\"https:\/\/www.firmalegaltishbi.com\/wp-content\/uploads\/2023\/06\/Depositphotos_573790398_XL-scaled.jpg\" class=\"attachment-full size-full wp-image-640\" alt=\"\" srcset=\"https:\/\/www.firmalegaltishbi.com\/wp-content\/uploads\/2023\/06\/Depositphotos_573790398_XL-scaled.jpg 2560w, https:\/\/www.firmalegaltishbi.com\/wp-content\/uploads\/2023\/06\/Depositphotos_573790398_XL-300x169.jpg 300w, https:\/\/www.firmalegaltishbi.com\/wp-content\/uploads\/2023\/06\/Depositphotos_573790398_XL-1024x576.jpg 1024w, https:\/\/www.firmalegaltishbi.com\/wp-content\/uploads\/2023\/06\/Depositphotos_573790398_XL-768x432.jpg 768w, https:\/\/www.firmalegaltishbi.com\/wp-content\/uploads\/2023\/06\/Depositphotos_573790398_XL-1536x864.jpg 1536w, https:\/\/www.firmalegaltishbi.com\/wp-content\/uploads\/2023\/06\/Depositphotos_573790398_XL-2048x1152.jpg 2048w\" sizes=\"(max-width: 2560px) 100vw, 2560px\" \/>\t\t\t\t\t\t\t\t\t\t\t\t\t\t\t<\/div>\n\t\t\t\t<\/div>\n\t\t\t\t\t<\/div>\n\t\t<\/div>\n\t\t\t\t<div class=\"elementor-column elementor-col-50 elementor-inner-column elementor-element elementor-element-e270c03\" data-id=\"e270c03\" data-element_type=\"column\">\n\t\t\t<div class=\"elementor-widget-wrap elementor-element-populated\">\n\t\t\t\t\t\t<div class=\"elementor-element elementor-element-8a987e5 elementor-widget elementor-widget-text-editor\" data-id=\"8a987e5\" data-element_type=\"widget\" data-widget_type=\"text-editor.default\">\n\t\t\t\t<div class=\"elementor-widget-container\">\n\t\t\t\t\t\t\t\t\t<p><span style=\"font-weight: 400;\">Estos casos suelen ser poco valorados, incluso hasta ignorados, pero lo cierto, es que un resbal\u00f3n y ca\u00edda puede causarte serios problemas de salud, limitar tu movilidad y originar graves complicaciones posteriormente: Lesiones lumbares, lesiones en la cabeza, fracturas, son solo algunos da\u00f1os que se pueden presentar. Nuestra firma te ayuda a determinar responsabilidades en tu caso y obtener beneficios.<\/span><\/p>\t\t\t\t\t\t\t\t<\/div>\n\t\t\t\t<\/div>\n\t\t\t\t<div class=\"elementor-element elementor-element-2553324 elementor-hidden-desktop elementor-hidden-tablet elementor-widget elementor-widget-image\" data-id=\"2553324\" data-element_type=\"widget\" data-widget_type=\"image.default\">\n\t\t\t\t<div class=\"elementor-widget-container\">\n\t\t\t\t\t\t\t\t\t\t\t\t\t\t\t<img decoding=\"async\" width=\"800\" height=\"450\" src=\"https:\/\/www.firmalegaltishbi.com\/wp-content\/uploads\/2023\/06\/Depositphotos_573790398_XL-1024x576.jpg\" class=\"attachment-large size-large wp-image-640\" alt=\"\" srcset=\"https:\/\/www.firmalegaltishbi.com\/wp-content\/uploads\/2023\/06\/Depositphotos_573790398_XL-1024x576.jpg 1024w, https:\/\/www.firmalegaltishbi.com\/wp-content\/uploads\/2023\/06\/Depositphotos_573790398_XL-300x169.jpg 300w, https:\/\/www.firmalegaltishbi.com\/wp-content\/uploads\/2023\/06\/Depositphotos_573790398_XL-768x432.jpg 768w, https:\/\/www.firmalegaltishbi.com\/wp-content\/uploads\/2023\/06\/Depositphotos_573790398_XL-1536x864.jpg 1536w, https:\/\/www.firmalegaltishbi.com\/wp-content\/uploads\/2023\/06\/Depositphotos_573790398_XL-2048x1152.jpg 2048w\" sizes=\"(max-width: 800px) 100vw, 800px\" \/>\t\t\t\t\t\t\t\t\t\t\t\t\t\t\t<\/div>\n\t\t\t\t<\/div>\n\t\t\t\t\t<\/div>\n\t\t<\/div>\n\t\t\t\t\t<\/div>\n\t\t<\/section>\n\t\t\t\t<section class=\"elementor-section elementor-inner-section elementor-element elementor-element-e24db8c elementor-section-boxed elementor-section-height-default elementor-section-height-default\" data-id=\"e24db8c\" data-element_type=\"section\">\n\t\t\t\t\t\t<div class=\"elementor-container elementor-column-gap-default\">\n\t\t\t\t\t<div class=\"elementor-column elementor-col-100 elementor-inner-column elementor-element elementor-element-2c1a629\" data-id=\"2c1a629\" data-element_type=\"column\">\n\t\t\t<div class=\"elementor-widget-wrap elementor-element-populated\">\n\t\t\t\t\t\t<div class=\"elementor-element elementor-element-f39a09d elementor-widget elementor-widget-text-editor\" data-id=\"f39a09d\" data-element_type=\"widget\" data-widget_type=\"text-editor.default\">\n\t\t\t\t<div class=\"elementor-widget-container\">\n\t\t\t\t\t\t\t\t\t<p><span style=\"font-weight: 400;\">En caso de accidentes de viajes compartidos, en ocasiones, se quiere evadir responsabilidades. Nuestra experiencia y casos de \u00e9xito nos dan la capacidad de lograr los mejores resultados.<\/span><\/p>\t\t\t\t\t\t\t\t<\/div>\n\t\t\t\t<\/div>\n\t\t\t\t\t<\/div>\n\t\t<\/div>\n\t\t\t\t\t<\/div>\n\t\t<\/section>\n\t\t\t\t<div class=\"elementor-element elementor-element-50faf8e elementor-align-center elementor-mobile-align-center elementor-hidden-mobile elementor-widget elementor-widget-button\" data-id=\"50faf8e\" data-element_type=\"widget\" data-widget_type=\"button.default\">\n\t\t\t\t<div class=\"elementor-widget-container\">\n\t\t\t\t\t\t\t\t\t<div class=\"elementor-button-wrapper\">\n\t\t\t\t\t<a class=\"elementor-button elementor-button-link elementor-size-sm elementor-animation-pulse\" href=\"tel:(877)%20233-4443%20\">\n\t\t\t\t\t\t<span class=\"elementor-button-content-wrapper\">\n\t\t\t\t\t\t\t\t\t<span class=\"elementor-button-text\">\u00a1LL\u00c1MANOS!<br> (877) 233-4443 <\/span>\n\t\t\t\t\t<\/span>\n\t\t\t\t\t<\/a>\n\t\t\t\t<\/div>\n\t\t\t\t\t\t\t\t<\/div>\n\t\t\t\t<\/div>\n\t\t\t\t\t<\/div>\n\t\t<\/div>\n\t\t\t\t\t<\/div>\n\t\t<\/section>\n\t\t\t\t<\/div>\n\t\t","protected":false},"excerpt":{"rendered":"<p>Resbal\u00f3n y Ca\u00edda, Uber\/Lyft Los accidentes de resbalones y ca\u00eddas se incluyen dentro de los casos de lesiones personales por responsabilidad de los locales. Son m\u00e1s frecuentes de lo que se cree, pero no muchas demandas prosperan porque las v\u00edctimas no cuentan con un respaldo legal eficaz que sustente el caso y logre las compensaciones [&hellip;]<\/p>\n","protected":false},"author":3,"featured_media":0,"parent":0,"menu_order":0,"comment_status":"closed","ping_status":"closed","template":"elementor_header_footer","meta":{"footnotes":""},"class_list":["post-59","page","type-page","status-publish","hentry"],"yoast_head":"<!-- This site is optimized with the Yoast SEO plugin v26.8 - https:\/\/yoast.com\/product\/yoast-seo-wordpress\/ -->\n<title>Resbal\u00f3n y Caida, Uber\/Lyft \u2013 Firma Legal Tishbi<\/title>\n<meta name=\"robots\" content=\"index, follow, max-snippet:-1, max-image-preview:large, max-video-preview:-1\" \/>\n<link rel=\"canonical\" href=\"https:\/\/www.firmalegaltishbi.com\/index.php\/resbalon-y-caida-uber-lyft\/\" \/>\n<meta property=\"og:locale\" content=\"en_US\" \/>\n<meta property=\"og:type\" content=\"article\" \/>\n<meta property=\"og:title\" content=\"Resbal\u00f3n y Caida, Uber\/Lyft \u2013 Firma Legal Tishbi\" \/>\n<meta property=\"og:description\" content=\"Resbal\u00f3n y Ca\u00edda, Uber\/Lyft Los accidentes de resbalones y ca\u00eddas se incluyen dentro de los casos de lesiones personales por responsabilidad de los locales. Son m\u00e1s frecuentes de lo que se cree, pero no muchas demandas prosperan porque las v\u00edctimas no cuentan con un respaldo legal eficaz que sustente el caso y logre las compensaciones [&hellip;]\" \/>\n<meta property=\"og:url\" content=\"https:\/\/www.firmalegaltishbi.com\/index.php\/resbalon-y-caida-uber-lyft\/\" \/>\n<meta property=\"og:site_name\" content=\"Firma Legal Tishbi\" \/>\n<meta property=\"article:modified_time\" content=\"2023-06-08T01:08:52+00:00\" \/>\n<meta property=\"og:image\" content=\"https:\/\/www.firmalegaltishbi.com\/wp-content\/uploads\/2023\/06\/Tishbi-10-scaled.jpg\" \/>\n<meta name=\"twitter:card\" content=\"summary_large_image\" \/>\n<meta name=\"twitter:label1\" content=\"Est. reading time\" \/>\n\t<meta name=\"twitter:data1\" content=\"2 minutes\" \/>\n<script type=\"application\/ld+json\" class=\"yoast-schema-graph\">{\"@context\":\"https:\/\/schema.org\",\"@graph\":[{\"@type\":\"WebPage\",\"@id\":\"https:\/\/www.firmalegaltishbi.com\/index.php\/resbalon-y-caida-uber-lyft\/\",\"url\":\"https:\/\/www.firmalegaltishbi.com\/index.php\/resbalon-y-caida-uber-lyft\/\",\"name\":\"Resbal\u00f3n y Caida, Uber\/Lyft \u2013 Firma Legal Tishbi\",\"isPartOf\":{\"@id\":\"https:\/\/www.firmalegaltishbi.com\/#website\"},\"primaryImageOfPage\":{\"@id\":\"https:\/\/www.firmalegaltishbi.com\/index.php\/resbalon-y-caida-uber-lyft\/#primaryimage\"},\"image\":{\"@id\":\"https:\/\/www.firmalegaltishbi.com\/index.php\/resbalon-y-caida-uber-lyft\/#primaryimage\"},\"thumbnailUrl\":\"https:\/\/www.firmalegaltishbi.com\/wp-content\/uploads\/2023\/06\/Tishbi-10-scaled.jpg\",\"datePublished\":\"2023-05-26T18:23:00+00:00\",\"dateModified\":\"2023-06-08T01:08:52+00:00\",\"breadcrumb\":{\"@id\":\"https:\/\/www.firmalegaltishbi.com\/index.php\/resbalon-y-caida-uber-lyft\/#breadcrumb\"},\"inLanguage\":\"en-US\",\"potentialAction\":[{\"@type\":\"ReadAction\",\"target\":[\"https:\/\/www.firmalegaltishbi.com\/index.php\/resbalon-y-caida-uber-lyft\/\"]}]},{\"@type\":\"ImageObject\",\"inLanguage\":\"en-US\",\"@id\":\"https:\/\/www.firmalegaltishbi.com\/index.php\/resbalon-y-caida-uber-lyft\/#primaryimage\",\"url\":\"https:\/\/www.firmalegaltishbi.com\/wp-content\/uploads\/2023\/06\/Tishbi-10-scaled.jpg\",\"contentUrl\":\"https:\/\/www.firmalegaltishbi.com\/wp-content\/uploads\/2023\/06\/Tishbi-10-scaled.jpg\",\"width\":2560,\"height\":1708},{\"@type\":\"BreadcrumbList\",\"@id\":\"https:\/\/www.firmalegaltishbi.com\/index.php\/resbalon-y-caida-uber-lyft\/#breadcrumb\",\"itemListElement\":[{\"@type\":\"ListItem\",\"position\":1,\"name\":\"Home\",\"item\":\"https:\/\/www.firmalegaltishbi.com\/\"},{\"@type\":\"ListItem\",\"position\":2,\"name\":\"Resbal\u00f3n y Caida, Uber\/Lyft\"}]},{\"@type\":\"WebSite\",\"@id\":\"https:\/\/www.firmalegaltishbi.com\/#website\",\"url\":\"https:\/\/www.firmalegaltishbi.com\/\",\"name\":\"Firma Legal Tishbi\",\"description\":\"\",\"potentialAction\":[{\"@type\":\"SearchAction\",\"target\":{\"@type\":\"EntryPoint\",\"urlTemplate\":\"https:\/\/www.firmalegaltishbi.com\/?s={search_term_string}\"},\"query-input\":{\"@type\":\"PropertyValueSpecification\",\"valueRequired\":true,\"valueName\":\"search_term_string\"}}],\"inLanguage\":\"en-US\"}]}<\/script>\n<!-- \/ Yoast SEO plugin. -->","yoast_head_json":{"title":"Resbal\u00f3n y Caida, Uber\/Lyft \u2013 Firma Legal Tishbi","robots":{"index":"index","follow":"follow","max-snippet":"max-snippet:-1","max-image-preview":"max-image-preview:large","max-video-preview":"max-video-preview:-1"},"canonical":"https:\/\/www.firmalegaltishbi.com\/index.php\/resbalon-y-caida-uber-lyft\/","og_locale":"en_US","og_type":"article","og_title":"Resbal\u00f3n y Caida, Uber\/Lyft \u2013 Firma Legal Tishbi","og_description":"Resbal\u00f3n y Ca\u00edda, Uber\/Lyft Los accidentes de resbalones y ca\u00eddas se incluyen dentro de los casos de lesiones personales por responsabilidad de los locales. Son m\u00e1s frecuentes de lo que se cree, pero no muchas demandas prosperan porque las v\u00edctimas no cuentan con un respaldo legal eficaz que sustente el caso y logre las compensaciones [&hellip;]","og_url":"https:\/\/www.firmalegaltishbi.com\/index.php\/resbalon-y-caida-uber-lyft\/","og_site_name":"Firma Legal Tishbi","article_modified_time":"2023-06-08T01:08:52+00:00","og_image":[{"url":"https:\/\/www.firmalegaltishbi.com\/wp-content\/uploads\/2023\/06\/Tishbi-10-scaled.jpg","type":"","width":"","height":""}],"twitter_card":"summary_large_image","twitter_misc":{"Est. reading time":"2 minutes"},"schema":{"@context":"https:\/\/schema.org","@graph":[{"@type":"WebPage","@id":"https:\/\/www.firmalegaltishbi.com\/index.php\/resbalon-y-caida-uber-lyft\/","url":"https:\/\/www.firmalegaltishbi.com\/index.php\/resbalon-y-caida-uber-lyft\/","name":"Resbal\u00f3n y Caida, Uber\/Lyft \u2013 Firma Legal Tishbi","isPartOf":{"@id":"https:\/\/www.firmalegaltishbi.com\/#website"},"primaryImageOfPage":{"@id":"https:\/\/www.firmalegaltishbi.com\/index.php\/resbalon-y-caida-uber-lyft\/#primaryimage"},"image":{"@id":"https:\/\/www.firmalegaltishbi.com\/index.php\/resbalon-y-caida-uber-lyft\/#primaryimage"},"thumbnailUrl":"https:\/\/www.firmalegaltishbi.com\/wp-content\/uploads\/2023\/06\/Tishbi-10-scaled.jpg","datePublished":"2023-05-26T18:23:00+00:00","dateModified":"2023-06-08T01:08:52+00:00","breadcrumb":{"@id":"https:\/\/www.firmalegaltishbi.com\/index.php\/resbalon-y-caida-uber-lyft\/#breadcrumb"},"inLanguage":"en-US","potentialAction":[{"@type":"ReadAction","target":["https:\/\/www.firmalegaltishbi.com\/index.php\/resbalon-y-caida-uber-lyft\/"]}]},{"@type":"ImageObject","inLanguage":"en-US","@id":"https:\/\/www.firmalegaltishbi.com\/index.php\/resbalon-y-caida-uber-lyft\/#primaryimage","url":"https:\/\/www.firmalegaltishbi.com\/wp-content\/uploads\/2023\/06\/Tishbi-10-scaled.jpg","contentUrl":"https:\/\/www.firmalegaltishbi.com\/wp-content\/uploads\/2023\/06\/Tishbi-10-scaled.jpg","width":2560,"height":1708},{"@type":"BreadcrumbList","@id":"https:\/\/www.firmalegaltishbi.com\/index.php\/resbalon-y-caida-uber-lyft\/#breadcrumb","itemListElement":[{"@type":"ListItem","position":1,"name":"Home","item":"https:\/\/www.firmalegaltishbi.com\/"},{"@type":"ListItem","position":2,"name":"Resbal\u00f3n y Caida, Uber\/Lyft"}]},{"@type":"WebSite","@id":"https:\/\/www.firmalegaltishbi.com\/#website","url":"https:\/\/www.firmalegaltishbi.com\/","name":"Firma Legal Tishbi","description":"","potentialAction":[{"@type":"SearchAction","target":{"@type":"EntryPoint","urlTemplate":"https:\/\/www.firmalegaltishbi.com\/?s={search_term_string}"},"query-input":{"@type":"PropertyValueSpecification","valueRequired":true,"valueName":"search_term_string"}}],"inLanguage":"en-US"}]}},"_links":{"self":[{"href":"https:\/\/www.firmalegaltishbi.com\/index.php\/wp-json\/wp\/v2\/pages\/59","targetHints":{"allow":["GET"]}}],"collection":[{"href":"https:\/\/www.firmalegaltishbi.com\/index.php\/wp-json\/wp\/v2\/pages"}],"about":[{"href":"https:\/\/www.firmalegaltishbi.com\/index.php\/wp-json\/wp\/v2\/types\/page"}],"author":[{"embeddable":true,"href":"https:\/\/www.firmalegaltishbi.com\/index.php\/wp-json\/wp\/v2\/users\/3"}],"replies":[{"embeddable":true,"href":"https:\/\/www.firmalegaltishbi.com\/index.php\/wp-json\/wp\/v2\/comments?post=59"}],"version-history":[{"count":0,"href":"https:\/\/www.firmalegaltishbi.com\/index.php\/wp-json\/wp\/v2\/pages\/59\/revisions"}],"wp:attachment":[{"href":"https:\/\/www.firmalegaltishbi.com\/index.php\/wp-json\/wp\/v2\/media?parent=59"}],"curies":[{"name":"wp","href":"https:\/\/api.w.org\/{rel}","templated":true}]}}