{"id":57,"date":"2023-05-26T18:22:39","date_gmt":"2023-05-26T18:22:39","guid":{"rendered":"https:\/\/www.firmalegaltishbi.com\/?page_id=57"},"modified":"2023-06-08T01:05:07","modified_gmt":"2023-06-08T01:05:07","slug":"accidentes-peatonales-de-bicicletas-y-motocicletas","status":"publish","type":"page","link":"https:\/\/www.firmalegaltishbi.com\/index.php\/accidentes-peatonales-de-bicicletas-y-motocicletas\/","title":{"rendered":"Accidentes Peatonales, de Bicicletas y Motocicletas"},"content":{"rendered":"\t\t<div data-elementor-type=\"wp-page\" data-elementor-id=\"57\" class=\"elementor elementor-57\" data-elementor-post-type=\"page\">\n\t\t\t\t\t\t<section class=\"elementor-section elementor-top-section elementor-element elementor-element-5c0ec3b elementor-section-boxed elementor-section-height-default elementor-section-height-default\" data-id=\"5c0ec3b\" data-element_type=\"section\" data-settings=\"{&quot;background_background&quot;:&quot;gradient&quot;}\">\n\t\t\t\t\t\t<div class=\"elementor-container elementor-column-gap-default\">\n\t\t\t\t\t<div class=\"elementor-column elementor-col-100 elementor-top-column elementor-element elementor-element-424164d\" data-id=\"424164d\" data-element_type=\"column\">\n\t\t\t<div class=\"elementor-widget-wrap elementor-element-populated\">\n\t\t\t\t\t\t<div class=\"elementor-element elementor-element-b453d45 elementor-widget elementor-widget-heading\" data-id=\"b453d45\" data-element_type=\"widget\" data-widget_type=\"heading.default\">\n\t\t\t\t<div class=\"elementor-widget-container\">\n\t\t\t\t\t<h2 class=\"elementor-heading-title elementor-size-default\">Accidentes Peatonales, de Bicicletas y Motocicletas<\/h2>\t\t\t\t<\/div>\n\t\t\t\t<\/div>\n\t\t\t\t<div class=\"elementor-element elementor-element-72397a5 elementor-widget-divider--view-line elementor-widget elementor-widget-divider\" data-id=\"72397a5\" data-element_type=\"widget\" data-widget_type=\"divider.default\">\n\t\t\t\t<div class=\"elementor-widget-container\">\n\t\t\t\t\t\t\t<div class=\"elementor-divider\">\n\t\t\t<span class=\"elementor-divider-separator\">\n\t\t\t\t\t\t<\/span>\n\t\t<\/div>\n\t\t\t\t\t\t<\/div>\n\t\t\t\t<\/div>\n\t\t\t\t<section class=\"elementor-section elementor-inner-section elementor-element elementor-element-c512eac elementor-section-boxed elementor-section-height-default elementor-section-height-default\" data-id=\"c512eac\" data-element_type=\"section\">\n\t\t\t\t\t\t<div class=\"elementor-container elementor-column-gap-default\">\n\t\t\t\t\t<div class=\"elementor-column elementor-col-50 elementor-inner-column elementor-element elementor-element-6f31278\" data-id=\"6f31278\" data-element_type=\"column\">\n\t\t\t<div class=\"elementor-widget-wrap elementor-element-populated\">\n\t\t\t\t\t\t<div class=\"elementor-element elementor-element-aa3c4fd elementor-widget elementor-widget-image\" data-id=\"aa3c4fd\" data-element_type=\"widget\" data-widget_type=\"image.default\">\n\t\t\t\t<div class=\"elementor-widget-container\">\n\t\t\t\t\t\t\t\t\t\t\t\t\t\t\t<img fetchpriority=\"high\" decoding=\"async\" width=\"2560\" height=\"1725\" src=\"https:\/\/www.firmalegaltishbi.com\/wp-content\/uploads\/2023\/06\/Tishbi-74-scaled.jpg\" class=\"attachment-full size-full wp-image-635\" alt=\"\" srcset=\"https:\/\/www.firmalegaltishbi.com\/wp-content\/uploads\/2023\/06\/Tishbi-74-scaled.jpg 2560w, https:\/\/www.firmalegaltishbi.com\/wp-content\/uploads\/2023\/06\/Tishbi-74-300x202.jpg 300w, https:\/\/www.firmalegaltishbi.com\/wp-content\/uploads\/2023\/06\/Tishbi-74-1024x690.jpg 1024w, https:\/\/www.firmalegaltishbi.com\/wp-content\/uploads\/2023\/06\/Tishbi-74-768x518.jpg 768w, https:\/\/www.firmalegaltishbi.com\/wp-content\/uploads\/2023\/06\/Tishbi-74-1536x1035.jpg 1536w, https:\/\/www.firmalegaltishbi.com\/wp-content\/uploads\/2023\/06\/Tishbi-74-2048x1380.jpg 2048w\" sizes=\"(max-width: 2560px) 100vw, 2560px\" \/>\t\t\t\t\t\t\t\t\t\t\t\t\t\t\t<\/div>\n\t\t\t\t<\/div>\n\t\t\t\t\t<\/div>\n\t\t<\/div>\n\t\t\t\t<div class=\"elementor-column elementor-col-50 elementor-inner-column elementor-element elementor-element-ace068b\" data-id=\"ace068b\" data-element_type=\"column\">\n\t\t\t<div class=\"elementor-widget-wrap elementor-element-populated\">\n\t\t\t\t\t\t<div class=\"elementor-element elementor-element-b860d46 elementor-widget elementor-widget-text-editor\" data-id=\"b860d46\" data-element_type=\"widget\" data-widget_type=\"text-editor.default\">\n\t\t\t\t<div class=\"elementor-widget-container\">\n\t\t\t\t\t\t\t\t\t<p><span style=\"font-weight: 400;\">Como todos sabemos, los accidentes de motocicletas, bicicletas y peatones, se relacionan con mayor incidencia de muertes. En los accidentes de motocicletas y bicicletas, aunque est\u00e9s provisto de los implementos de seguridad, est\u00e1s m\u00e1s expuesto a recibir lesiones considerables.<\/span><\/p><p><span style=\"font-weight: 400;\">Los accidentes de peatones, por su parte, suponen un riesgo tremendo de lesiones catastr\u00f3ficas y muerte, dependiendo de la fuerza del impacto y el veh\u00edculo implicado en el accidente. Nadie merece pasar por una situaci\u00f3n as\u00ed, sin embargo las estad\u00edsticas hablan por s\u00ed solas.<\/span><\/p>\t\t\t\t\t\t\t\t<\/div>\n\t\t\t\t<\/div>\n\t\t\t\t\t<\/div>\n\t\t<\/div>\n\t\t\t\t\t<\/div>\n\t\t<\/section>\n\t\t\t\t<section class=\"elementor-section elementor-inner-section elementor-element elementor-element-c5f7f04 elementor-section-boxed elementor-section-height-default elementor-section-height-default\" data-id=\"c5f7f04\" data-element_type=\"section\">\n\t\t\t\t\t\t<div class=\"elementor-container elementor-column-gap-default\">\n\t\t\t\t\t<div class=\"elementor-column elementor-col-100 elementor-inner-column elementor-element elementor-element-c9c7e3d\" data-id=\"c9c7e3d\" data-element_type=\"column\" data-settings=\"{&quot;background_background&quot;:&quot;classic&quot;}\">\n\t\t\t<div class=\"elementor-widget-wrap elementor-element-populated\">\n\t\t\t\t\t\t<div class=\"elementor-element elementor-element-478c157 elementor-widget elementor-widget-heading\" data-id=\"478c157\" data-element_type=\"widget\" data-widget_type=\"heading.default\">\n\t\t\t\t<div class=\"elementor-widget-container\">\n\t\t\t\t\t<h4 class=\"elementor-heading-title elementor-size-default\">\u00bfQu\u00e9 hacer si eres v\u00edctima de lesiones personales por accidentes de autos y camiones?<\/h4>\t\t\t\t<\/div>\n\t\t\t\t<\/div>\n\t\t\t\t\t<\/div>\n\t\t<\/div>\n\t\t\t\t\t<\/div>\n\t\t<\/section>\n\t\t\t\t<section class=\"elementor-section elementor-inner-section elementor-element elementor-element-89dff13 elementor-section-boxed elementor-section-height-default elementor-section-height-default\" data-id=\"89dff13\" data-element_type=\"section\">\n\t\t\t\t\t\t<div class=\"elementor-container elementor-column-gap-default\">\n\t\t\t\t\t<div class=\"elementor-column elementor-col-16 elementor-inner-column elementor-element elementor-element-eadbf9e elementor-invisible\" data-id=\"eadbf9e\" data-element_type=\"column\" data-settings=\"{&quot;motion_fx_motion_fx_mouse&quot;:&quot;yes&quot;,&quot;animation&quot;:&quot;pulse&quot;,&quot;background_background&quot;:&quot;classic&quot;,&quot;motion_fx_motion_fx_scrolling&quot;:&quot;yes&quot;,&quot;motion_fx_devices&quot;:[&quot;desktop&quot;,&quot;tablet&quot;,&quot;mobile&quot;]}\">\n\t\t\t<div class=\"elementor-widget-wrap elementor-element-populated\">\n\t\t\t\t\t\t<div class=\"elementor-element elementor-element-19e458f elementor-view-default elementor-widget elementor-widget-icon\" data-id=\"19e458f\" data-element_type=\"widget\" data-widget_type=\"icon.default\">\n\t\t\t\t<div class=\"elementor-widget-container\">\n\t\t\t\t\t\t\t<div class=\"elementor-icon-wrapper\">\n\t\t\t<div class=\"elementor-icon elementor-animation-pulse\">\n\t\t\t<i aria-hidden=\"true\" class=\"fas fa-car-alt\"><\/i>\t\t\t<\/div>\n\t\t<\/div>\n\t\t\t\t\t\t<\/div>\n\t\t\t\t<\/div>\n\t\t\t\t<div class=\"elementor-element elementor-element-cef0b67 elementor-widget elementor-widget-text-editor\" data-id=\"cef0b67\" data-element_type=\"widget\" data-widget_type=\"text-editor.default\">\n\t\t\t\t<div class=\"elementor-widget-container\">\n\t\t\t\t\t\t\t\t\t<p><span style=\"font-weight: 400;\">Manejo a exceso de velocidad<\/span><\/p>\t\t\t\t\t\t\t\t<\/div>\n\t\t\t\t<\/div>\n\t\t\t\t\t<\/div>\n\t\t<\/div>\n\t\t\t\t<div class=\"elementor-column elementor-col-16 elementor-inner-column elementor-element elementor-element-6cb1917 elementor-invisible\" data-id=\"6cb1917\" data-element_type=\"column\" data-settings=\"{&quot;motion_fx_motion_fx_mouse&quot;:&quot;yes&quot;,&quot;animation&quot;:&quot;pulse&quot;,&quot;background_background&quot;:&quot;classic&quot;}\">\n\t\t\t<div class=\"elementor-widget-wrap elementor-element-populated\">\n\t\t\t\t\t\t<div class=\"elementor-element elementor-element-1e41737 elementor-view-default elementor-widget elementor-widget-icon\" data-id=\"1e41737\" data-element_type=\"widget\" data-widget_type=\"icon.default\">\n\t\t\t\t<div class=\"elementor-widget-container\">\n\t\t\t\t\t\t\t<div class=\"elementor-icon-wrapper\">\n\t\t\t<div class=\"elementor-icon elementor-animation-pulse\">\n\t\t\t<i aria-hidden=\"true\" class=\"fas fa-road\"><\/i>\t\t\t<\/div>\n\t\t<\/div>\n\t\t\t\t\t\t<\/div>\n\t\t\t\t<\/div>\n\t\t\t\t<div class=\"elementor-element elementor-element-6c07783 elementor-widget elementor-widget-text-editor\" data-id=\"6c07783\" data-element_type=\"widget\" data-widget_type=\"text-editor.default\">\n\t\t\t\t<div class=\"elementor-widget-container\">\n\t\t\t\t\t\t\t\t\t<p><span style=\"font-weight: 400;\">V\u00edas en mal estado<\/span><\/p>\t\t\t\t\t\t\t\t<\/div>\n\t\t\t\t<\/div>\n\t\t\t\t\t<\/div>\n\t\t<\/div>\n\t\t\t\t<div class=\"elementor-column elementor-col-16 elementor-inner-column elementor-element elementor-element-709b240 elementor-invisible\" data-id=\"709b240\" data-element_type=\"column\" data-settings=\"{&quot;motion_fx_motion_fx_mouse&quot;:&quot;yes&quot;,&quot;animation&quot;:&quot;pulse&quot;,&quot;background_background&quot;:&quot;classic&quot;}\">\n\t\t\t<div class=\"elementor-widget-wrap elementor-element-populated\">\n\t\t\t\t\t\t<div class=\"elementor-element elementor-element-b832d94 elementor-view-default elementor-widget elementor-widget-icon\" data-id=\"b832d94\" data-element_type=\"widget\" data-widget_type=\"icon.default\">\n\t\t\t\t<div class=\"elementor-widget-container\">\n\t\t\t\t\t\t\t<div class=\"elementor-icon-wrapper\">\n\t\t\t<div class=\"elementor-icon elementor-animation-pulse\">\n\t\t\t<i aria-hidden=\"true\" class=\"far fa-user\"><\/i>\t\t\t<\/div>\n\t\t<\/div>\n\t\t\t\t\t\t<\/div>\n\t\t\t\t<\/div>\n\t\t\t\t<div class=\"elementor-element elementor-element-ae6812c elementor-widget elementor-widget-text-editor\" data-id=\"ae6812c\" data-element_type=\"widget\" data-widget_type=\"text-editor.default\">\n\t\t\t\t<div class=\"elementor-widget-container\">\n\t\t\t\t\t\t\t\t\t<p><span style=\"font-weight: 400;\">Conductor distra\u00eddo<\/span><\/p>\t\t\t\t\t\t\t\t<\/div>\n\t\t\t\t<\/div>\n\t\t\t\t\t<\/div>\n\t\t<\/div>\n\t\t\t\t<div class=\"elementor-column elementor-col-16 elementor-inner-column elementor-element elementor-element-442540f elementor-invisible\" data-id=\"442540f\" data-element_type=\"column\" data-settings=\"{&quot;motion_fx_motion_fx_mouse&quot;:&quot;yes&quot;,&quot;animation&quot;:&quot;pulse&quot;,&quot;background_background&quot;:&quot;classic&quot;}\">\n\t\t\t<div class=\"elementor-widget-wrap elementor-element-populated\">\n\t\t\t\t\t\t<div class=\"elementor-element elementor-element-b973293 elementor-view-default elementor-widget elementor-widget-icon\" data-id=\"b973293\" data-element_type=\"widget\" data-widget_type=\"icon.default\">\n\t\t\t\t<div class=\"elementor-widget-container\">\n\t\t\t\t\t\t\t<div class=\"elementor-icon-wrapper\">\n\t\t\t<div class=\"elementor-icon elementor-animation-pulse\">\n\t\t\t<i aria-hidden=\"true\" class=\"fas fa-exclamation-triangle\"><\/i>\t\t\t<\/div>\n\t\t<\/div>\n\t\t\t\t\t\t<\/div>\n\t\t\t\t<\/div>\n\t\t\t\t<div class=\"elementor-element elementor-element-9c6edac elementor-widget elementor-widget-text-editor\" data-id=\"9c6edac\" data-element_type=\"widget\" data-widget_type=\"text-editor.default\">\n\t\t\t\t<div class=\"elementor-widget-container\">\n\t\t\t\t\t\t\t\t\t<p><span style=\"font-weight: 400;\">Irrespeto a las se\u00f1ales de tr\u00e1nsito<\/span><\/p>\t\t\t\t\t\t\t\t<\/div>\n\t\t\t\t<\/div>\n\t\t\t\t\t<\/div>\n\t\t<\/div>\n\t\t\t\t<div class=\"elementor-column elementor-col-16 elementor-inner-column elementor-element elementor-element-60da428 elementor-invisible\" data-id=\"60da428\" data-element_type=\"column\" data-settings=\"{&quot;motion_fx_motion_fx_mouse&quot;:&quot;yes&quot;,&quot;animation&quot;:&quot;pulse&quot;,&quot;background_background&quot;:&quot;classic&quot;}\">\n\t\t\t<div class=\"elementor-widget-wrap elementor-element-populated\">\n\t\t\t\t\t\t<div class=\"elementor-element elementor-element-8dd8c2e elementor-view-default elementor-widget elementor-widget-icon\" data-id=\"8dd8c2e\" data-element_type=\"widget\" data-widget_type=\"icon.default\">\n\t\t\t\t<div class=\"elementor-widget-container\">\n\t\t\t\t\t\t\t<div class=\"elementor-icon-wrapper\">\n\t\t\t<div class=\"elementor-icon elementor-animation-pulse\">\n\t\t\t<i aria-hidden=\"true\" class=\"fas fa-bicycle\"><\/i>\t\t\t<\/div>\n\t\t<\/div>\n\t\t\t\t\t\t<\/div>\n\t\t\t\t<\/div>\n\t\t\t\t<div class=\"elementor-element elementor-element-52fd1b7 elementor-widget elementor-widget-text-editor\" data-id=\"52fd1b7\" data-element_type=\"widget\" data-widget_type=\"text-editor.default\">\n\t\t\t\t<div class=\"elementor-widget-container\">\n\t\t\t\t\t\t\t\t\t<p><span style=\"font-weight: 400;\">Irrespeto a las ciclov\u00edas<\/span><\/p>\t\t\t\t\t\t\t\t<\/div>\n\t\t\t\t<\/div>\n\t\t\t\t\t<\/div>\n\t\t<\/div>\n\t\t\t\t<div class=\"elementor-column elementor-col-16 elementor-inner-column elementor-element elementor-element-131e958 elementor-invisible\" data-id=\"131e958\" data-element_type=\"column\" data-settings=\"{&quot;motion_fx_motion_fx_mouse&quot;:&quot;yes&quot;,&quot;animation&quot;:&quot;pulse&quot;,&quot;background_background&quot;:&quot;classic&quot;}\">\n\t\t\t<div class=\"elementor-widget-wrap elementor-element-populated\">\n\t\t\t\t\t\t<div class=\"elementor-element elementor-element-8ad162c elementor-view-default elementor-widget elementor-widget-icon\" data-id=\"8ad162c\" data-element_type=\"widget\" data-widget_type=\"icon.default\">\n\t\t\t\t<div class=\"elementor-widget-container\">\n\t\t\t\t\t\t\t<div class=\"elementor-icon-wrapper\">\n\t\t\t<div class=\"elementor-icon elementor-animation-pulse\">\n\t\t\t<i aria-hidden=\"true\" class=\"fas fa-cocktail\"><\/i>\t\t\t<\/div>\n\t\t<\/div>\n\t\t\t\t\t\t<\/div>\n\t\t\t\t<\/div>\n\t\t\t\t<div class=\"elementor-element elementor-element-7eb827c elementor-widget elementor-widget-text-editor\" data-id=\"7eb827c\" data-element_type=\"widget\" data-widget_type=\"text-editor.default\">\n\t\t\t\t<div class=\"elementor-widget-container\">\n\t\t\t\t\t\t\t\t\t<p><span style=\"font-weight: 400;\">Conducir bajo los efectos del alcohol o sustancias ilegales<\/span><\/p>\t\t\t\t\t\t\t\t<\/div>\n\t\t\t\t<\/div>\n\t\t\t\t\t<\/div>\n\t\t<\/div>\n\t\t\t\t\t<\/div>\n\t\t<\/section>\n\t\t\t\t<section class=\"elementor-section elementor-inner-section elementor-element elementor-element-4d3056b elementor-section-boxed elementor-section-height-default elementor-section-height-default\" data-id=\"4d3056b\" data-element_type=\"section\">\n\t\t\t\t\t\t<div class=\"elementor-container elementor-column-gap-default\">\n\t\t\t\t\t<div class=\"elementor-column elementor-col-100 elementor-inner-column elementor-element elementor-element-24aea3e\" data-id=\"24aea3e\" data-element_type=\"column\" data-settings=\"{&quot;background_background&quot;:&quot;classic&quot;}\">\n\t\t\t<div class=\"elementor-widget-wrap elementor-element-populated\">\n\t\t\t\t\t\t<div class=\"elementor-element elementor-element-31619d3 elementor-widget elementor-widget-heading\" data-id=\"31619d3\" data-element_type=\"widget\" data-widget_type=\"heading.default\">\n\t\t\t\t<div class=\"elementor-widget-container\">\n\t\t\t\t\t<h4 class=\"elementor-heading-title elementor-size-default\">Sea cual sea el caso, las consecuencias son muy graves y el responsable debe pagar.<\/h4>\t\t\t\t<\/div>\n\t\t\t\t<\/div>\n\t\t\t\t\t<\/div>\n\t\t<\/div>\n\t\t\t\t\t<\/div>\n\t\t<\/section>\n\t\t\t\t<div class=\"elementor-element elementor-element-9ea4f79 elementor-widget elementor-widget-text-editor\" data-id=\"9ea4f79\" data-element_type=\"widget\" data-widget_type=\"text-editor.default\">\n\t\t\t\t<div class=\"elementor-widget-container\">\n\t\t\t\t\t\t\t\t\t<p><span style=\"font-weight: 400;\">Si tienes un caso de lesiones por accidente de motocicletas, bicicletas o peatones, no demores en tomar acci\u00f3n y buscar asistencia legal de calidad, que pueda apoyarte en tu proceso de demanda y hacer valer tus derechos.<\/span><\/p>\t\t\t\t\t\t\t\t<\/div>\n\t\t\t\t<\/div>\n\t\t\t\t<div class=\"elementor-element elementor-element-368e840 elementor-align-center elementor-mobile-align-center elementor-hidden-mobile elementor-widget elementor-widget-button\" data-id=\"368e840\" data-element_type=\"widget\" data-widget_type=\"button.default\">\n\t\t\t\t<div class=\"elementor-widget-container\">\n\t\t\t\t\t\t\t\t\t<div class=\"elementor-button-wrapper\">\n\t\t\t\t\t<a class=\"elementor-button elementor-button-link elementor-size-sm elementor-animation-pulse\" href=\"tel:(877)%20233-4443%20\">\n\t\t\t\t\t\t<span class=\"elementor-button-content-wrapper\">\n\t\t\t\t\t\t\t\t\t<span class=\"elementor-button-text\">\u00a1LL\u00c1MANOS!<br> (877) 233-4443 <\/span>\n\t\t\t\t\t<\/span>\n\t\t\t\t\t<\/a>\n\t\t\t\t<\/div>\n\t\t\t\t\t\t\t\t<\/div>\n\t\t\t\t<\/div>\n\t\t\t\t\t<\/div>\n\t\t<\/div>\n\t\t\t\t\t<\/div>\n\t\t<\/section>\n\t\t\t\t<\/div>\n\t\t","protected":false},"excerpt":{"rendered":"<p>Accidentes Peatonales, de Bicicletas y Motocicletas Como todos sabemos, los accidentes de motocicletas, bicicletas y peatones, se relacionan con mayor incidencia de muertes. En los accidentes de motocicletas y bicicletas, aunque est\u00e9s provisto de los implementos de seguridad, est\u00e1s m\u00e1s expuesto a recibir lesiones considerables. Los accidentes de peatones, por su parte, suponen un riesgo [&hellip;]<\/p>\n","protected":false},"author":3,"featured_media":0,"parent":0,"menu_order":0,"comment_status":"closed","ping_status":"closed","template":"elementor_header_footer","meta":{"footnotes":""},"class_list":["post-57","page","type-page","status-publish","hentry"],"yoast_head":"<!-- This site is optimized with the Yoast SEO plugin v26.8 - https:\/\/yoast.com\/product\/yoast-seo-wordpress\/ -->\n<title>Accidentes Peatonales, de Bicicletas y Motocicletas \u2013 Firma Legal Tishbi<\/title>\n<meta name=\"robots\" content=\"index, follow, max-snippet:-1, max-image-preview:large, max-video-preview:-1\" \/>\n<link rel=\"canonical\" href=\"https:\/\/www.firmalegaltishbi.com\/index.php\/accidentes-peatonales-de-bicicletas-y-motocicletas\/\" \/>\n<meta property=\"og:locale\" content=\"en_US\" \/>\n<meta property=\"og:type\" content=\"article\" \/>\n<meta property=\"og:title\" content=\"Accidentes Peatonales, de Bicicletas y Motocicletas \u2013 Firma Legal Tishbi\" \/>\n<meta property=\"og:description\" content=\"Accidentes Peatonales, de Bicicletas y Motocicletas Como todos sabemos, los accidentes de motocicletas, bicicletas y peatones, se relacionan con mayor incidencia de muertes. En los accidentes de motocicletas y bicicletas, aunque est\u00e9s provisto de los implementos de seguridad, est\u00e1s m\u00e1s expuesto a recibir lesiones considerables. Los accidentes de peatones, por su parte, suponen un riesgo [&hellip;]\" \/>\n<meta property=\"og:url\" content=\"https:\/\/www.firmalegaltishbi.com\/index.php\/accidentes-peatonales-de-bicicletas-y-motocicletas\/\" \/>\n<meta property=\"og:site_name\" content=\"Firma Legal Tishbi\" \/>\n<meta property=\"article:modified_time\" content=\"2023-06-08T01:05:07+00:00\" \/>\n<meta property=\"og:image\" content=\"https:\/\/www.firmalegaltishbi.com\/wp-content\/uploads\/2023\/06\/Tishbi-74-scaled.jpg\" \/>\n<meta name=\"twitter:card\" content=\"summary_large_image\" \/>\n<meta name=\"twitter:label1\" content=\"Est. reading time\" \/>\n\t<meta name=\"twitter:data1\" content=\"2 minutes\" \/>\n<script type=\"application\/ld+json\" class=\"yoast-schema-graph\">{\"@context\":\"https:\/\/schema.org\",\"@graph\":[{\"@type\":\"WebPage\",\"@id\":\"https:\/\/www.firmalegaltishbi.com\/index.php\/accidentes-peatonales-de-bicicletas-y-motocicletas\/\",\"url\":\"https:\/\/www.firmalegaltishbi.com\/index.php\/accidentes-peatonales-de-bicicletas-y-motocicletas\/\",\"name\":\"Accidentes Peatonales, de Bicicletas y Motocicletas \u2013 Firma Legal Tishbi\",\"isPartOf\":{\"@id\":\"https:\/\/www.firmalegaltishbi.com\/#website\"},\"primaryImageOfPage\":{\"@id\":\"https:\/\/www.firmalegaltishbi.com\/index.php\/accidentes-peatonales-de-bicicletas-y-motocicletas\/#primaryimage\"},\"image\":{\"@id\":\"https:\/\/www.firmalegaltishbi.com\/index.php\/accidentes-peatonales-de-bicicletas-y-motocicletas\/#primaryimage\"},\"thumbnailUrl\":\"https:\/\/www.firmalegaltishbi.com\/wp-content\/uploads\/2023\/06\/Tishbi-74-scaled.jpg\",\"datePublished\":\"2023-05-26T18:22:39+00:00\",\"dateModified\":\"2023-06-08T01:05:07+00:00\",\"breadcrumb\":{\"@id\":\"https:\/\/www.firmalegaltishbi.com\/index.php\/accidentes-peatonales-de-bicicletas-y-motocicletas\/#breadcrumb\"},\"inLanguage\":\"en-US\",\"potentialAction\":[{\"@type\":\"ReadAction\",\"target\":[\"https:\/\/www.firmalegaltishbi.com\/index.php\/accidentes-peatonales-de-bicicletas-y-motocicletas\/\"]}]},{\"@type\":\"ImageObject\",\"inLanguage\":\"en-US\",\"@id\":\"https:\/\/www.firmalegaltishbi.com\/index.php\/accidentes-peatonales-de-bicicletas-y-motocicletas\/#primaryimage\",\"url\":\"https:\/\/www.firmalegaltishbi.com\/wp-content\/uploads\/2023\/06\/Tishbi-74-scaled.jpg\",\"contentUrl\":\"https:\/\/www.firmalegaltishbi.com\/wp-content\/uploads\/2023\/06\/Tishbi-74-scaled.jpg\",\"width\":2560,\"height\":1725},{\"@type\":\"BreadcrumbList\",\"@id\":\"https:\/\/www.firmalegaltishbi.com\/index.php\/accidentes-peatonales-de-bicicletas-y-motocicletas\/#breadcrumb\",\"itemListElement\":[{\"@type\":\"ListItem\",\"position\":1,\"name\":\"Home\",\"item\":\"https:\/\/www.firmalegaltishbi.com\/\"},{\"@type\":\"ListItem\",\"position\":2,\"name\":\"Accidentes Peatonales, de Bicicletas y Motocicletas\"}]},{\"@type\":\"WebSite\",\"@id\":\"https:\/\/www.firmalegaltishbi.com\/#website\",\"url\":\"https:\/\/www.firmalegaltishbi.com\/\",\"name\":\"Firma Legal Tishbi\",\"description\":\"\",\"potentialAction\":[{\"@type\":\"SearchAction\",\"target\":{\"@type\":\"EntryPoint\",\"urlTemplate\":\"https:\/\/www.firmalegaltishbi.com\/?s={search_term_string}\"},\"query-input\":{\"@type\":\"PropertyValueSpecification\",\"valueRequired\":true,\"valueName\":\"search_term_string\"}}],\"inLanguage\":\"en-US\"}]}<\/script>\n<!-- \/ Yoast SEO plugin. -->","yoast_head_json":{"title":"Accidentes Peatonales, de Bicicletas y Motocicletas \u2013 Firma Legal Tishbi","robots":{"index":"index","follow":"follow","max-snippet":"max-snippet:-1","max-image-preview":"max-image-preview:large","max-video-preview":"max-video-preview:-1"},"canonical":"https:\/\/www.firmalegaltishbi.com\/index.php\/accidentes-peatonales-de-bicicletas-y-motocicletas\/","og_locale":"en_US","og_type":"article","og_title":"Accidentes Peatonales, de Bicicletas y Motocicletas \u2013 Firma Legal Tishbi","og_description":"Accidentes Peatonales, de Bicicletas y Motocicletas Como todos sabemos, los accidentes de motocicletas, bicicletas y peatones, se relacionan con mayor incidencia de muertes. En los accidentes de motocicletas y bicicletas, aunque est\u00e9s provisto de los implementos de seguridad, est\u00e1s m\u00e1s expuesto a recibir lesiones considerables. Los accidentes de peatones, por su parte, suponen un riesgo [&hellip;]","og_url":"https:\/\/www.firmalegaltishbi.com\/index.php\/accidentes-peatonales-de-bicicletas-y-motocicletas\/","og_site_name":"Firma Legal Tishbi","article_modified_time":"2023-06-08T01:05:07+00:00","og_image":[{"url":"https:\/\/www.firmalegaltishbi.com\/wp-content\/uploads\/2023\/06\/Tishbi-74-scaled.jpg","type":"","width":"","height":""}],"twitter_card":"summary_large_image","twitter_misc":{"Est. reading time":"2 minutes"},"schema":{"@context":"https:\/\/schema.org","@graph":[{"@type":"WebPage","@id":"https:\/\/www.firmalegaltishbi.com\/index.php\/accidentes-peatonales-de-bicicletas-y-motocicletas\/","url":"https:\/\/www.firmalegaltishbi.com\/index.php\/accidentes-peatonales-de-bicicletas-y-motocicletas\/","name":"Accidentes Peatonales, de Bicicletas y Motocicletas \u2013 Firma Legal Tishbi","isPartOf":{"@id":"https:\/\/www.firmalegaltishbi.com\/#website"},"primaryImageOfPage":{"@id":"https:\/\/www.firmalegaltishbi.com\/index.php\/accidentes-peatonales-de-bicicletas-y-motocicletas\/#primaryimage"},"image":{"@id":"https:\/\/www.firmalegaltishbi.com\/index.php\/accidentes-peatonales-de-bicicletas-y-motocicletas\/#primaryimage"},"thumbnailUrl":"https:\/\/www.firmalegaltishbi.com\/wp-content\/uploads\/2023\/06\/Tishbi-74-scaled.jpg","datePublished":"2023-05-26T18:22:39+00:00","dateModified":"2023-06-08T01:05:07+00:00","breadcrumb":{"@id":"https:\/\/www.firmalegaltishbi.com\/index.php\/accidentes-peatonales-de-bicicletas-y-motocicletas\/#breadcrumb"},"inLanguage":"en-US","potentialAction":[{"@type":"ReadAction","target":["https:\/\/www.firmalegaltishbi.com\/index.php\/accidentes-peatonales-de-bicicletas-y-motocicletas\/"]}]},{"@type":"ImageObject","inLanguage":"en-US","@id":"https:\/\/www.firmalegaltishbi.com\/index.php\/accidentes-peatonales-de-bicicletas-y-motocicletas\/#primaryimage","url":"https:\/\/www.firmalegaltishbi.com\/wp-content\/uploads\/2023\/06\/Tishbi-74-scaled.jpg","contentUrl":"https:\/\/www.firmalegaltishbi.com\/wp-content\/uploads\/2023\/06\/Tishbi-74-scaled.jpg","width":2560,"height":1725},{"@type":"BreadcrumbList","@id":"https:\/\/www.firmalegaltishbi.com\/index.php\/accidentes-peatonales-de-bicicletas-y-motocicletas\/#breadcrumb","itemListElement":[{"@type":"ListItem","position":1,"name":"Home","item":"https:\/\/www.firmalegaltishbi.com\/"},{"@type":"ListItem","position":2,"name":"Accidentes Peatonales, de Bicicletas y Motocicletas"}]},{"@type":"WebSite","@id":"https:\/\/www.firmalegaltishbi.com\/#website","url":"https:\/\/www.firmalegaltishbi.com\/","name":"Firma Legal Tishbi","description":"","potentialAction":[{"@type":"SearchAction","target":{"@type":"EntryPoint","urlTemplate":"https:\/\/www.firmalegaltishbi.com\/?s={search_term_string}"},"query-input":{"@type":"PropertyValueSpecification","valueRequired":true,"valueName":"search_term_string"}}],"inLanguage":"en-US"}]}},"_links":{"self":[{"href":"https:\/\/www.firmalegaltishbi.com\/index.php\/wp-json\/wp\/v2\/pages\/57","targetHints":{"allow":["GET"]}}],"collection":[{"href":"https:\/\/www.firmalegaltishbi.com\/index.php\/wp-json\/wp\/v2\/pages"}],"about":[{"href":"https:\/\/www.firmalegaltishbi.com\/index.php\/wp-json\/wp\/v2\/types\/page"}],"author":[{"embeddable":true,"href":"https:\/\/www.firmalegaltishbi.com\/index.php\/wp-json\/wp\/v2\/users\/3"}],"replies":[{"embeddable":true,"href":"https:\/\/www.firmalegaltishbi.com\/index.php\/wp-json\/wp\/v2\/comments?post=57"}],"version-history":[{"count":0,"href":"https:\/\/www.firmalegaltishbi.com\/index.php\/wp-json\/wp\/v2\/pages\/57\/revisions"}],"wp:attachment":[{"href":"https:\/\/www.firmalegaltishbi.com\/index.php\/wp-json\/wp\/v2\/media?parent=57"}],"curies":[{"name":"wp","href":"https:\/\/api.w.org\/{rel}","templated":true}]}}