{"id":55,"date":"2023-05-26T18:22:13","date_gmt":"2023-05-26T18:22:13","guid":{"rendered":"https:\/\/www.firmalegaltishbi.com\/?page_id=55"},"modified":"2023-06-08T01:03:07","modified_gmt":"2023-06-08T01:03:07","slug":"automovilisticos-y-de-camion","status":"publish","type":"page","link":"https:\/\/www.firmalegaltishbi.com\/index.php\/automovilisticos-y-de-camion\/","title":{"rendered":"Accidentes Automovil\u00edsticos y de Cami\u00f3n"},"content":{"rendered":"\t\t<div data-elementor-type=\"wp-page\" data-elementor-id=\"55\" class=\"elementor elementor-55\" data-elementor-post-type=\"page\">\n\t\t\t\t\t\t<section class=\"elementor-section elementor-top-section elementor-element elementor-element-16870e8 elementor-section-boxed elementor-section-height-default elementor-section-height-default\" data-id=\"16870e8\" data-element_type=\"section\">\n\t\t\t\t\t\t<div class=\"elementor-container elementor-column-gap-default\">\n\t\t\t\t\t<div class=\"elementor-column elementor-col-100 elementor-top-column elementor-element elementor-element-e70c3fd\" data-id=\"e70c3fd\" data-element_type=\"column\">\n\t\t\t<div class=\"elementor-widget-wrap elementor-element-populated\">\n\t\t\t\t\t\t<div class=\"elementor-element elementor-element-98fbf12 elementor-widget elementor-widget-heading\" data-id=\"98fbf12\" data-element_type=\"widget\" data-widget_type=\"heading.default\">\n\t\t\t\t<div class=\"elementor-widget-container\">\n\t\t\t\t\t<h2 class=\"elementor-heading-title elementor-size-default\">Accidentes Automovil\u00edsticos y de Cami\u00f3n<\/h2>\t\t\t\t<\/div>\n\t\t\t\t<\/div>\n\t\t\t\t<div class=\"elementor-element elementor-element-f8fe098 elementor-widget-divider--view-line elementor-widget elementor-widget-divider\" data-id=\"f8fe098\" data-element_type=\"widget\" data-widget_type=\"divider.default\">\n\t\t\t\t<div class=\"elementor-widget-container\">\n\t\t\t\t\t\t\t<div class=\"elementor-divider\">\n\t\t\t<span class=\"elementor-divider-separator\">\n\t\t\t\t\t\t<\/span>\n\t\t<\/div>\n\t\t\t\t\t\t<\/div>\n\t\t\t\t<\/div>\n\t\t\t\t<section class=\"elementor-section elementor-inner-section elementor-element elementor-element-b7887c1 elementor-section-boxed elementor-section-height-default elementor-section-height-default\" data-id=\"b7887c1\" data-element_type=\"section\">\n\t\t\t\t\t\t<div class=\"elementor-container elementor-column-gap-default\">\n\t\t\t\t\t<div class=\"elementor-column elementor-col-50 elementor-inner-column elementor-element elementor-element-c695b7a\" data-id=\"c695b7a\" data-element_type=\"column\">\n\t\t\t<div class=\"elementor-widget-wrap elementor-element-populated\">\n\t\t\t\t\t\t<div class=\"elementor-element elementor-element-08a3177 elementor-widget elementor-widget-image\" data-id=\"08a3177\" data-element_type=\"widget\" data-widget_type=\"image.default\">\n\t\t\t\t<div class=\"elementor-widget-container\">\n\t\t\t\t\t\t\t\t\t\t\t\t\t\t\t<img fetchpriority=\"high\" decoding=\"async\" width=\"800\" height=\"534\" src=\"https:\/\/www.firmalegaltishbi.com\/wp-content\/uploads\/2023\/06\/Tishbi-12-1024x683.jpg\" class=\"attachment-large size-large wp-image-631\" alt=\"\" srcset=\"https:\/\/www.firmalegaltishbi.com\/wp-content\/uploads\/2023\/06\/Tishbi-12-1024x683.jpg 1024w, https:\/\/www.firmalegaltishbi.com\/wp-content\/uploads\/2023\/06\/Tishbi-12-300x200.jpg 300w, https:\/\/www.firmalegaltishbi.com\/wp-content\/uploads\/2023\/06\/Tishbi-12-768x512.jpg 768w, https:\/\/www.firmalegaltishbi.com\/wp-content\/uploads\/2023\/06\/Tishbi-12-1536x1025.jpg 1536w, https:\/\/www.firmalegaltishbi.com\/wp-content\/uploads\/2023\/06\/Tishbi-12-2048x1366.jpg 2048w\" sizes=\"(max-width: 800px) 100vw, 800px\" \/>\t\t\t\t\t\t\t\t\t\t\t\t\t\t\t<\/div>\n\t\t\t\t<\/div>\n\t\t\t\t\t<\/div>\n\t\t<\/div>\n\t\t\t\t<div class=\"elementor-column elementor-col-50 elementor-inner-column elementor-element elementor-element-f0ff67d\" data-id=\"f0ff67d\" data-element_type=\"column\">\n\t\t\t<div class=\"elementor-widget-wrap elementor-element-populated\">\n\t\t\t\t\t\t<div class=\"elementor-element elementor-element-c80e84e elementor-widget elementor-widget-text-editor\" data-id=\"c80e84e\" data-element_type=\"widget\" data-widget_type=\"text-editor.default\">\n\t\t\t\t<div class=\"elementor-widget-container\">\n\t\t\t\t\t\t\t\t\t<p><span style=\"font-weight: 400;\">Miles de personas resultan heridas o fallecen cada a\u00f1o en accidentes automovil\u00edsticos y accidentes de camiones. La realidad nos muestra la imprudencia de muchos conductores que no miden la magnitud de sus actos y generan estos tipos de accidentes tan lamentables.<\/span><\/p><p><span style=\"font-weight: 400;\">De hecho, la principal causa que deriva en accidentes de autos y camiones es el descuido del chofer. Basta que aparte la mirada unos segundos para ver su tel\u00e9fono o poner m\u00fasica, o que, por cansancio, cierre los ojos por un instante, para que ocurra un evento que afectar\u00e1 a muchas personas.<\/span><\/p><p><span style=\"font-weight: 400;\">Y as\u00ed, la vida cambia de un momento a otro, y a causa de la negligencia de un tercero, te ves involucrado en un accidente que te deja lesiones importantes.<\/span><\/p>\t\t\t\t\t\t\t\t<\/div>\n\t\t\t\t<\/div>\n\t\t\t\t\t<\/div>\n\t\t<\/div>\n\t\t\t\t\t<\/div>\n\t\t<\/section>\n\t\t\t\t\t<\/div>\n\t\t<\/div>\n\t\t\t\t\t<\/div>\n\t\t<\/section>\n\t\t\t\t<section class=\"elementor-section elementor-top-section elementor-element elementor-element-2ee2f98 elementor-section-boxed elementor-section-height-default elementor-section-height-default\" data-id=\"2ee2f98\" data-element_type=\"section\" data-settings=\"{&quot;background_background&quot;:&quot;classic&quot;}\">\n\t\t\t\t\t\t<div class=\"elementor-container elementor-column-gap-default\">\n\t\t\t\t\t<div class=\"elementor-column elementor-col-100 elementor-top-column elementor-element elementor-element-6dbc318\" data-id=\"6dbc318\" data-element_type=\"column\">\n\t\t\t<div class=\"elementor-widget-wrap elementor-element-populated\">\n\t\t\t\t\t\t<div class=\"elementor-element elementor-element-ed48e55 elementor-widget elementor-widget-heading\" data-id=\"ed48e55\" data-element_type=\"widget\" data-widget_type=\"heading.default\">\n\t\t\t\t<div class=\"elementor-widget-container\">\n\t\t\t\t\t<h4 class=\"elementor-heading-title elementor-size-default\">\u00bfQu\u00e9 hacer si eres v\u00edctima de lesiones personales por accidentes de autos y camiones?<\/h4>\t\t\t\t<\/div>\n\t\t\t\t<\/div>\n\t\t\t\t<div class=\"elementor-element elementor-element-6792b5c elementor-widget-divider--view-line elementor-widget elementor-widget-divider\" data-id=\"6792b5c\" data-element_type=\"widget\" data-widget_type=\"divider.default\">\n\t\t\t\t<div class=\"elementor-widget-container\">\n\t\t\t\t\t\t\t<div class=\"elementor-divider\">\n\t\t\t<span class=\"elementor-divider-separator\">\n\t\t\t\t\t\t<\/span>\n\t\t<\/div>\n\t\t\t\t\t\t<\/div>\n\t\t\t\t<\/div>\n\t\t\t\t<section class=\"elementor-section elementor-inner-section elementor-element elementor-element-3aff176 elementor-section-boxed elementor-section-height-default elementor-section-height-default\" data-id=\"3aff176\" data-element_type=\"section\">\n\t\t\t\t\t\t<div class=\"elementor-container elementor-column-gap-default\">\n\t\t\t\t\t<div class=\"elementor-column elementor-col-20 elementor-inner-column elementor-element elementor-element-14e6489 elementor-invisible\" data-id=\"14e6489\" data-element_type=\"column\" data-settings=\"{&quot;motion_fx_motion_fx_mouse&quot;:&quot;yes&quot;,&quot;animation&quot;:&quot;pulse&quot;,&quot;background_background&quot;:&quot;classic&quot;}\">\n\t\t\t<div class=\"elementor-widget-wrap elementor-element-populated\">\n\t\t\t\t\t\t<div class=\"elementor-element elementor-element-09c524d elementor-view-default elementor-widget elementor-widget-icon\" data-id=\"09c524d\" data-element_type=\"widget\" data-widget_type=\"icon.default\">\n\t\t\t\t<div class=\"elementor-widget-container\">\n\t\t\t\t\t\t\t<div class=\"elementor-icon-wrapper\">\n\t\t\t<div class=\"elementor-icon\">\n\t\t\t<i aria-hidden=\"true\" class=\"far fa-thumbs-up\"><\/i>\t\t\t<\/div>\n\t\t<\/div>\n\t\t\t\t\t\t<\/div>\n\t\t\t\t<\/div>\n\t\t\t\t<div class=\"elementor-element elementor-element-8392795 elementor-widget elementor-widget-text-editor\" data-id=\"8392795\" data-element_type=\"widget\" data-widget_type=\"text-editor.default\">\n\t\t\t\t<div class=\"elementor-widget-container\">\n\t\t\t\t\t\t\t\t\t<p><span style=\"font-weight: 400;\">Si est\u00e1s consciente, mantente alerta y registra todo lo que suceda.<\/span><\/p>\t\t\t\t\t\t\t\t<\/div>\n\t\t\t\t<\/div>\n\t\t\t\t\t<\/div>\n\t\t<\/div>\n\t\t\t\t<div class=\"elementor-column elementor-col-20 elementor-inner-column elementor-element elementor-element-e2bd94e elementor-invisible\" data-id=\"e2bd94e\" data-element_type=\"column\" data-settings=\"{&quot;motion_fx_motion_fx_mouse&quot;:&quot;yes&quot;,&quot;animation&quot;:&quot;pulse&quot;,&quot;background_background&quot;:&quot;classic&quot;}\">\n\t\t\t<div class=\"elementor-widget-wrap elementor-element-populated\">\n\t\t\t\t\t\t<div class=\"elementor-element elementor-element-4810df8 elementor-view-default elementor-widget elementor-widget-icon\" data-id=\"4810df8\" data-element_type=\"widget\" data-widget_type=\"icon.default\">\n\t\t\t\t<div class=\"elementor-widget-container\">\n\t\t\t\t\t\t\t<div class=\"elementor-icon-wrapper\">\n\t\t\t<div class=\"elementor-icon\">\n\t\t\t<i aria-hidden=\"true\" class=\"fas fa-check\"><\/i>\t\t\t<\/div>\n\t\t<\/div>\n\t\t\t\t\t\t<\/div>\n\t\t\t\t<\/div>\n\t\t\t\t<div class=\"elementor-element elementor-element-d4b0b76 elementor-widget elementor-widget-text-editor\" data-id=\"d4b0b76\" data-element_type=\"widget\" data-widget_type=\"text-editor.default\">\n\t\t\t\t<div class=\"elementor-widget-container\">\n\t\t\t\t\t\t\t\t\t<p><span style=\"font-weight: 400;\">Llama inmediatamente a las autoridades.<\/span><\/p>\t\t\t\t\t\t\t\t<\/div>\n\t\t\t\t<\/div>\n\t\t\t\t\t<\/div>\n\t\t<\/div>\n\t\t\t\t<div class=\"elementor-column elementor-col-20 elementor-inner-column elementor-element elementor-element-1c47465 elementor-invisible\" data-id=\"1c47465\" data-element_type=\"column\" data-settings=\"{&quot;motion_fx_motion_fx_mouse&quot;:&quot;yes&quot;,&quot;animation&quot;:&quot;pulse&quot;,&quot;background_background&quot;:&quot;classic&quot;}\">\n\t\t\t<div class=\"elementor-widget-wrap elementor-element-populated\">\n\t\t\t\t\t\t<div class=\"elementor-element elementor-element-ad06da2 elementor-view-default elementor-widget elementor-widget-icon\" data-id=\"ad06da2\" data-element_type=\"widget\" data-widget_type=\"icon.default\">\n\t\t\t\t<div class=\"elementor-widget-container\">\n\t\t\t\t\t\t\t<div class=\"elementor-icon-wrapper\">\n\t\t\t<div class=\"elementor-icon\">\n\t\t\t<i aria-hidden=\"true\" class=\"fas fa-phone-alt\"><\/i>\t\t\t<\/div>\n\t\t<\/div>\n\t\t\t\t\t\t<\/div>\n\t\t\t\t<\/div>\n\t\t\t\t<div class=\"elementor-element elementor-element-2b94f9c elementor-widget elementor-widget-text-editor\" data-id=\"2b94f9c\" data-element_type=\"widget\" data-widget_type=\"text-editor.default\">\n\t\t\t\t<div class=\"elementor-widget-container\">\n\t\t\t\t\t\t\t\t\t<p><span style=\"font-weight: 400;\">Llama al 911.<\/span><\/p>\t\t\t\t\t\t\t\t<\/div>\n\t\t\t\t<\/div>\n\t\t\t\t\t<\/div>\n\t\t<\/div>\n\t\t\t\t<div class=\"elementor-column elementor-col-20 elementor-inner-column elementor-element elementor-element-734b031 elementor-invisible\" data-id=\"734b031\" data-element_type=\"column\" data-settings=\"{&quot;motion_fx_motion_fx_mouse&quot;:&quot;yes&quot;,&quot;animation&quot;:&quot;pulse&quot;,&quot;background_background&quot;:&quot;classic&quot;}\">\n\t\t\t<div class=\"elementor-widget-wrap elementor-element-populated\">\n\t\t\t\t\t\t<div class=\"elementor-element elementor-element-872c50b elementor-view-default elementor-widget elementor-widget-icon\" data-id=\"872c50b\" data-element_type=\"widget\" data-widget_type=\"icon.default\">\n\t\t\t\t<div class=\"elementor-widget-container\">\n\t\t\t\t\t\t\t<div class=\"elementor-icon-wrapper\">\n\t\t\t<div class=\"elementor-icon\">\n\t\t\t<i aria-hidden=\"true\" class=\"fas fa-ambulance\"><\/i>\t\t\t<\/div>\n\t\t<\/div>\n\t\t\t\t\t\t<\/div>\n\t\t\t\t<\/div>\n\t\t\t\t<div class=\"elementor-element elementor-element-f835073 elementor-widget elementor-widget-text-editor\" data-id=\"f835073\" data-element_type=\"widget\" data-widget_type=\"text-editor.default\">\n\t\t\t\t<div class=\"elementor-widget-container\">\n\t\t\t\t\t\t\t\t\t<p><span style=\"font-weight: 400;\">Recibe los primeros auxilios.<\/span><\/p>\t\t\t\t\t\t\t\t<\/div>\n\t\t\t\t<\/div>\n\t\t\t\t\t<\/div>\n\t\t<\/div>\n\t\t\t\t<div class=\"elementor-column elementor-col-20 elementor-inner-column elementor-element elementor-element-74051f0 elementor-invisible\" data-id=\"74051f0\" data-element_type=\"column\" data-settings=\"{&quot;motion_fx_motion_fx_mouse&quot;:&quot;yes&quot;,&quot;animation&quot;:&quot;pulse&quot;,&quot;background_background&quot;:&quot;classic&quot;}\">\n\t\t\t<div class=\"elementor-widget-wrap elementor-element-populated\">\n\t\t\t\t\t\t<div class=\"elementor-element elementor-element-08ee424 elementor-view-default elementor-widget elementor-widget-icon\" data-id=\"08ee424\" data-element_type=\"widget\" data-widget_type=\"icon.default\">\n\t\t\t\t<div class=\"elementor-widget-container\">\n\t\t\t\t\t\t\t<div class=\"elementor-icon-wrapper\">\n\t\t\t<div class=\"elementor-icon\">\n\t\t\t<i aria-hidden=\"true\" class=\"far fa-handshake\"><\/i>\t\t\t<\/div>\n\t\t<\/div>\n\t\t\t\t\t\t<\/div>\n\t\t\t\t<\/div>\n\t\t\t\t<div class=\"elementor-element elementor-element-7b2b8e0 elementor-widget elementor-widget-text-editor\" data-id=\"7b2b8e0\" data-element_type=\"widget\" data-widget_type=\"text-editor.default\">\n\t\t\t\t<div class=\"elementor-widget-container\">\n\t\t\t\t\t\t\t\t\t<p><span style=\"font-weight: 400;\">Contacta a abogados calificados en la materia.<\/span><\/p>\t\t\t\t\t\t\t\t<\/div>\n\t\t\t\t<\/div>\n\t\t\t\t\t<\/div>\n\t\t<\/div>\n\t\t\t\t\t<\/div>\n\t\t<\/section>\n\t\t\t\t<div class=\"elementor-element elementor-element-669c276 elementor-widget elementor-widget-text-editor\" data-id=\"669c276\" data-element_type=\"widget\" data-widget_type=\"text-editor.default\">\n\t\t\t\t<div class=\"elementor-widget-container\">\n\t\t\t\t\t\t\t\t\t<p><span style=\"font-weight: 400;\">Nuestra firma te ofrece la mejor representaci\u00f3n legal.<\/span><\/p>\t\t\t\t\t\t\t\t<\/div>\n\t\t\t\t<\/div>\n\t\t\t\t<div class=\"elementor-element elementor-element-ebc578d elementor-align-center elementor-mobile-align-center elementor-hidden-mobile elementor-widget elementor-widget-button\" data-id=\"ebc578d\" data-element_type=\"widget\" data-widget_type=\"button.default\">\n\t\t\t\t<div class=\"elementor-widget-container\">\n\t\t\t\t\t\t\t\t\t<div class=\"elementor-button-wrapper\">\n\t\t\t\t\t<a class=\"elementor-button elementor-button-link elementor-size-sm elementor-animation-pulse\" href=\"tel:(877)%20233-4443%20\">\n\t\t\t\t\t\t<span class=\"elementor-button-content-wrapper\">\n\t\t\t\t\t\t\t\t\t<span class=\"elementor-button-text\">\u00a1LL\u00c1MANOS!<br> (877) 233-4443 <\/span>\n\t\t\t\t\t<\/span>\n\t\t\t\t\t<\/a>\n\t\t\t\t<\/div>\n\t\t\t\t\t\t\t\t<\/div>\n\t\t\t\t<\/div>\n\t\t\t\t\t<\/div>\n\t\t<\/div>\n\t\t\t\t\t<\/div>\n\t\t<\/section>\n\t\t\t\t<\/div>\n\t\t","protected":false},"excerpt":{"rendered":"<p>Accidentes Automovil\u00edsticos y de Cami\u00f3n Miles de personas resultan heridas o fallecen cada a\u00f1o en accidentes automovil\u00edsticos y accidentes de camiones. La realidad nos muestra la imprudencia de muchos conductores que no miden la magnitud de sus actos y generan estos tipos de accidentes tan lamentables. De hecho, la principal causa que deriva en accidentes [&hellip;]<\/p>\n","protected":false},"author":3,"featured_media":0,"parent":0,"menu_order":0,"comment_status":"closed","ping_status":"closed","template":"elementor_header_footer","meta":{"footnotes":""},"class_list":["post-55","page","type-page","status-publish","hentry"],"yoast_head":"<!-- This site is optimized with the Yoast SEO plugin v26.8 - https:\/\/yoast.com\/product\/yoast-seo-wordpress\/ -->\n<title>Accidentes Automovil\u00edsticos y de Cami\u00f3n \u2013 Firma Legal Tishbi<\/title>\n<meta name=\"robots\" content=\"index, follow, max-snippet:-1, max-image-preview:large, max-video-preview:-1\" \/>\n<link rel=\"canonical\" href=\"https:\/\/www.firmalegaltishbi.com\/index.php\/automovilisticos-y-de-camion\/\" \/>\n<meta property=\"og:locale\" content=\"en_US\" \/>\n<meta property=\"og:type\" content=\"article\" \/>\n<meta property=\"og:title\" content=\"Accidentes Automovil\u00edsticos y de Cami\u00f3n \u2013 Firma Legal Tishbi\" \/>\n<meta property=\"og:description\" content=\"Accidentes Automovil\u00edsticos y de Cami\u00f3n Miles de personas resultan heridas o fallecen cada a\u00f1o en accidentes automovil\u00edsticos y accidentes de camiones. La realidad nos muestra la imprudencia de muchos conductores que no miden la magnitud de sus actos y generan estos tipos de accidentes tan lamentables. De hecho, la principal causa que deriva en accidentes [&hellip;]\" \/>\n<meta property=\"og:url\" content=\"https:\/\/www.firmalegaltishbi.com\/index.php\/automovilisticos-y-de-camion\/\" \/>\n<meta property=\"og:site_name\" content=\"Firma Legal Tishbi\" \/>\n<meta property=\"article:modified_time\" content=\"2023-06-08T01:03:07+00:00\" \/>\n<meta property=\"og:image\" content=\"https:\/\/www.firmalegaltishbi.com\/wp-content\/uploads\/2023\/06\/Tishbi-12-1024x683.jpg\" \/>\n<meta name=\"twitter:card\" content=\"summary_large_image\" \/>\n<meta name=\"twitter:label1\" content=\"Est. reading time\" \/>\n\t<meta name=\"twitter:data1\" content=\"2 minutes\" \/>\n<script type=\"application\/ld+json\" class=\"yoast-schema-graph\">{\"@context\":\"https:\/\/schema.org\",\"@graph\":[{\"@type\":\"WebPage\",\"@id\":\"https:\/\/www.firmalegaltishbi.com\/index.php\/automovilisticos-y-de-camion\/\",\"url\":\"https:\/\/www.firmalegaltishbi.com\/index.php\/automovilisticos-y-de-camion\/\",\"name\":\"Accidentes Automovil\u00edsticos y de Cami\u00f3n \u2013 Firma Legal Tishbi\",\"isPartOf\":{\"@id\":\"https:\/\/www.firmalegaltishbi.com\/#website\"},\"primaryImageOfPage\":{\"@id\":\"https:\/\/www.firmalegaltishbi.com\/index.php\/automovilisticos-y-de-camion\/#primaryimage\"},\"image\":{\"@id\":\"https:\/\/www.firmalegaltishbi.com\/index.php\/automovilisticos-y-de-camion\/#primaryimage\"},\"thumbnailUrl\":\"https:\/\/www.firmalegaltishbi.com\/wp-content\/uploads\/2023\/06\/Tishbi-12-1024x683.jpg\",\"datePublished\":\"2023-05-26T18:22:13+00:00\",\"dateModified\":\"2023-06-08T01:03:07+00:00\",\"breadcrumb\":{\"@id\":\"https:\/\/www.firmalegaltishbi.com\/index.php\/automovilisticos-y-de-camion\/#breadcrumb\"},\"inLanguage\":\"en-US\",\"potentialAction\":[{\"@type\":\"ReadAction\",\"target\":[\"https:\/\/www.firmalegaltishbi.com\/index.php\/automovilisticos-y-de-camion\/\"]}]},{\"@type\":\"ImageObject\",\"inLanguage\":\"en-US\",\"@id\":\"https:\/\/www.firmalegaltishbi.com\/index.php\/automovilisticos-y-de-camion\/#primaryimage\",\"url\":\"https:\/\/www.firmalegaltishbi.com\/wp-content\/uploads\/2023\/06\/Tishbi-12-scaled.jpg\",\"contentUrl\":\"https:\/\/www.firmalegaltishbi.com\/wp-content\/uploads\/2023\/06\/Tishbi-12-scaled.jpg\",\"width\":2560,\"height\":1708},{\"@type\":\"BreadcrumbList\",\"@id\":\"https:\/\/www.firmalegaltishbi.com\/index.php\/automovilisticos-y-de-camion\/#breadcrumb\",\"itemListElement\":[{\"@type\":\"ListItem\",\"position\":1,\"name\":\"Home\",\"item\":\"https:\/\/www.firmalegaltishbi.com\/\"},{\"@type\":\"ListItem\",\"position\":2,\"name\":\"Accidentes Automovil\u00edsticos y de Cami\u00f3n\"}]},{\"@type\":\"WebSite\",\"@id\":\"https:\/\/www.firmalegaltishbi.com\/#website\",\"url\":\"https:\/\/www.firmalegaltishbi.com\/\",\"name\":\"Firma Legal Tishbi\",\"description\":\"\",\"potentialAction\":[{\"@type\":\"SearchAction\",\"target\":{\"@type\":\"EntryPoint\",\"urlTemplate\":\"https:\/\/www.firmalegaltishbi.com\/?s={search_term_string}\"},\"query-input\":{\"@type\":\"PropertyValueSpecification\",\"valueRequired\":true,\"valueName\":\"search_term_string\"}}],\"inLanguage\":\"en-US\"}]}<\/script>\n<!-- \/ Yoast SEO plugin. -->","yoast_head_json":{"title":"Accidentes Automovil\u00edsticos y de Cami\u00f3n \u2013 Firma Legal Tishbi","robots":{"index":"index","follow":"follow","max-snippet":"max-snippet:-1","max-image-preview":"max-image-preview:large","max-video-preview":"max-video-preview:-1"},"canonical":"https:\/\/www.firmalegaltishbi.com\/index.php\/automovilisticos-y-de-camion\/","og_locale":"en_US","og_type":"article","og_title":"Accidentes Automovil\u00edsticos y de Cami\u00f3n \u2013 Firma Legal Tishbi","og_description":"Accidentes Automovil\u00edsticos y de Cami\u00f3n Miles de personas resultan heridas o fallecen cada a\u00f1o en accidentes automovil\u00edsticos y accidentes de camiones. La realidad nos muestra la imprudencia de muchos conductores que no miden la magnitud de sus actos y generan estos tipos de accidentes tan lamentables. De hecho, la principal causa que deriva en accidentes [&hellip;]","og_url":"https:\/\/www.firmalegaltishbi.com\/index.php\/automovilisticos-y-de-camion\/","og_site_name":"Firma Legal Tishbi","article_modified_time":"2023-06-08T01:03:07+00:00","og_image":[{"url":"https:\/\/www.firmalegaltishbi.com\/wp-content\/uploads\/2023\/06\/Tishbi-12-1024x683.jpg","type":"","width":"","height":""}],"twitter_card":"summary_large_image","twitter_misc":{"Est. reading time":"2 minutes"},"schema":{"@context":"https:\/\/schema.org","@graph":[{"@type":"WebPage","@id":"https:\/\/www.firmalegaltishbi.com\/index.php\/automovilisticos-y-de-camion\/","url":"https:\/\/www.firmalegaltishbi.com\/index.php\/automovilisticos-y-de-camion\/","name":"Accidentes Automovil\u00edsticos y de Cami\u00f3n \u2013 Firma Legal Tishbi","isPartOf":{"@id":"https:\/\/www.firmalegaltishbi.com\/#website"},"primaryImageOfPage":{"@id":"https:\/\/www.firmalegaltishbi.com\/index.php\/automovilisticos-y-de-camion\/#primaryimage"},"image":{"@id":"https:\/\/www.firmalegaltishbi.com\/index.php\/automovilisticos-y-de-camion\/#primaryimage"},"thumbnailUrl":"https:\/\/www.firmalegaltishbi.com\/wp-content\/uploads\/2023\/06\/Tishbi-12-1024x683.jpg","datePublished":"2023-05-26T18:22:13+00:00","dateModified":"2023-06-08T01:03:07+00:00","breadcrumb":{"@id":"https:\/\/www.firmalegaltishbi.com\/index.php\/automovilisticos-y-de-camion\/#breadcrumb"},"inLanguage":"en-US","potentialAction":[{"@type":"ReadAction","target":["https:\/\/www.firmalegaltishbi.com\/index.php\/automovilisticos-y-de-camion\/"]}]},{"@type":"ImageObject","inLanguage":"en-US","@id":"https:\/\/www.firmalegaltishbi.com\/index.php\/automovilisticos-y-de-camion\/#primaryimage","url":"https:\/\/www.firmalegaltishbi.com\/wp-content\/uploads\/2023\/06\/Tishbi-12-scaled.jpg","contentUrl":"https:\/\/www.firmalegaltishbi.com\/wp-content\/uploads\/2023\/06\/Tishbi-12-scaled.jpg","width":2560,"height":1708},{"@type":"BreadcrumbList","@id":"https:\/\/www.firmalegaltishbi.com\/index.php\/automovilisticos-y-de-camion\/#breadcrumb","itemListElement":[{"@type":"ListItem","position":1,"name":"Home","item":"https:\/\/www.firmalegaltishbi.com\/"},{"@type":"ListItem","position":2,"name":"Accidentes Automovil\u00edsticos y de Cami\u00f3n"}]},{"@type":"WebSite","@id":"https:\/\/www.firmalegaltishbi.com\/#website","url":"https:\/\/www.firmalegaltishbi.com\/","name":"Firma Legal Tishbi","description":"","potentialAction":[{"@type":"SearchAction","target":{"@type":"EntryPoint","urlTemplate":"https:\/\/www.firmalegaltishbi.com\/?s={search_term_string}"},"query-input":{"@type":"PropertyValueSpecification","valueRequired":true,"valueName":"search_term_string"}}],"inLanguage":"en-US"}]}},"_links":{"self":[{"href":"https:\/\/www.firmalegaltishbi.com\/index.php\/wp-json\/wp\/v2\/pages\/55","targetHints":{"allow":["GET"]}}],"collection":[{"href":"https:\/\/www.firmalegaltishbi.com\/index.php\/wp-json\/wp\/v2\/pages"}],"about":[{"href":"https:\/\/www.firmalegaltishbi.com\/index.php\/wp-json\/wp\/v2\/types\/page"}],"author":[{"embeddable":true,"href":"https:\/\/www.firmalegaltishbi.com\/index.php\/wp-json\/wp\/v2\/users\/3"}],"replies":[{"embeddable":true,"href":"https:\/\/www.firmalegaltishbi.com\/index.php\/wp-json\/wp\/v2\/comments?post=55"}],"version-history":[{"count":0,"href":"https:\/\/www.firmalegaltishbi.com\/index.php\/wp-json\/wp\/v2\/pages\/55\/revisions"}],"wp:attachment":[{"href":"https:\/\/www.firmalegaltishbi.com\/index.php\/wp-json\/wp\/v2\/media?parent=55"}],"curies":[{"name":"wp","href":"https:\/\/api.w.org\/{rel}","templated":true}]}}