{"id":25,"date":"2023-05-26T16:48:31","date_gmt":"2023-05-26T16:48:31","guid":{"rendered":"https:\/\/www.firmalegaltishbi.com\/?page_id=25"},"modified":"2023-05-31T22:56:20","modified_gmt":"2023-05-31T22:56:20","slug":"renuncia-de-responsavilidad","status":"publish","type":"page","link":"https:\/\/www.firmalegaltishbi.com\/index.php\/renuncia-de-responsavilidad\/","title":{"rendered":"Renuncia de Responsavilidad"},"content":{"rendered":"\t\t<div data-elementor-type=\"wp-page\" data-elementor-id=\"25\" class=\"elementor elementor-25\" data-elementor-post-type=\"page\">\n\t\t\t\t\t\t<section class=\"elementor-section elementor-top-section elementor-element elementor-element-1d7b259 elementor-section-boxed elementor-section-height-default elementor-section-height-default\" data-id=\"1d7b259\" data-element_type=\"section\" data-settings=\"{&quot;background_background&quot;:&quot;gradient&quot;}\">\n\t\t\t\t\t\t<div class=\"elementor-container elementor-column-gap-default\">\n\t\t\t\t\t<div class=\"elementor-column elementor-col-100 elementor-top-column elementor-element elementor-element-5c5555b\" data-id=\"5c5555b\" data-element_type=\"column\">\n\t\t\t<div class=\"elementor-widget-wrap elementor-element-populated\">\n\t\t\t\t\t\t<div class=\"elementor-element elementor-element-c365c10 elementor-widget elementor-widget-heading\" data-id=\"c365c10\" data-element_type=\"widget\" data-widget_type=\"heading.default\">\n\t\t\t\t<div class=\"elementor-widget-container\">\n\t\t\t\t\t<h2 class=\"elementor-heading-title elementor-size-default\"> Renuncia de Responsabilidad<\/h2>\t\t\t\t<\/div>\n\t\t\t\t<\/div>\n\t\t\t\t<div class=\"elementor-element elementor-element-cd2b0ea elementor-widget-divider--view-line elementor-widget elementor-widget-divider\" data-id=\"cd2b0ea\" data-element_type=\"widget\" data-widget_type=\"divider.default\">\n\t\t\t\t<div class=\"elementor-widget-container\">\n\t\t\t\t\t\t\t<div class=\"elementor-divider\">\n\t\t\t<span class=\"elementor-divider-separator\">\n\t\t\t\t\t\t<\/span>\n\t\t<\/div>\n\t\t\t\t\t\t<\/div>\n\t\t\t\t<\/div>\n\t\t\t\t<div class=\"elementor-element elementor-element-248e005 elementor-widget elementor-widget-text-editor\" data-id=\"248e005\" data-element_type=\"widget\" data-widget_type=\"text-editor.default\">\n\t\t\t\t<div class=\"elementor-widget-container\">\n\t\t\t\t\t\t\t\t\t<p><b>El contenido de este sitio web se proporciona \u00fanicamente con fines informativos y publicitarios, y no debe interpretarse como asesoramiento legal sobre ning\u00fan tema. <\/b><span style=\"font-weight: 400;\">Este sitio web contiene informaci\u00f3n general y puede no reflejar desarrollos legales actuales, veredictos o acuerdos.Firma Legal Tishbi renuncia expresamente a toda responsabilidad con respecto a las acciones tomadas o no tomadas en base a cualquiera o todos los contenidos de este sitio web.<\/span><\/p><p><span style=\"font-weight: 400;\">\u00a0<\/span><span style=\"font-weight: 400;\">Cualquier contenido dentro de este sitio web, testimonios o endosos no constituye una garant\u00eda, garant\u00eda o predicci\u00f3n con respecto al resultado de su asunto legal. Los resultados de los casos son \u00fanicos para cada caso. Nuestros \u00e9xitos pasados \u200b\u200bno garantizan ni garantizan el resultado de su caso.<\/span><\/p><p><span style=\"font-weight: 400;\">\u00a0<\/span><span style=\"font-weight: 400;\">Los contenidos de este sitio web est\u00e1n destinados exclusivamente a los residentes del estado de California. Nuestros abogados solo tienen licencia en el estado de California. La ley de California puede cambiar y \/ o se actualiza de a\u00f1o en a\u00f1o, incluidos los estatutos, c\u00f3digos, reglas e incluso casos de apelaci\u00f3n (si se anulan). Esto puede cambiar la aplicaci\u00f3n y la intenci\u00f3n de la ley de manera significativa. No asuma que la ley citada en el momento en que se escribi\u00f3 un art\u00edculo en este sitio sigue siendo la ley.<\/span><\/p><p><span style=\"font-weight: 400;\">\u00a0<\/span><span style=\"font-weight: 400;\">Todas las representaciones visuales de eventos son dramatizaciones. Este anuncio es pagado por Firma Legal Tishbi que es un abogado con licencia de California. Este anuncio es solo para clientes de California. Firma Legal Tishbi acepta solo asuntos de California. Los servicios legales est\u00e1n limitados a clientes de California. Este anuncio no constituye asesoramiento legal y no es una garant\u00eda, garant\u00eda o predicci\u00f3n con respecto al resultado de cualquier asunto legal. Cada caso es diferente. Los resultados dependen de la ley \u00fanica, los hechos y las circunstancias de cada caso. La contrataci\u00f3n de un abogado es una decisi\u00f3n importante que no debe basarse \u00fanicamente en la publicidad. Solicite informaci\u00f3n gratuita sobre los antecedentes y la experiencia de su abogado. No se garantiza que la calidad del servicio legal que se realice sea superior a la de otros abogados. No se garantiza que los abogados sean especialistas certificados o expertos en ning\u00fan campo del derecho. No se proporcionar\u00e1n servicios legales a menos que el cliente y el abogado firmen un acuerdo por escrito.<\/span><\/p><p><span style=\"font-weight: 400;\">\u00a0<\/span><span style=\"font-weight: 400;\">Cualquier informaci\u00f3n enviada a Firma Legal Tishbi\u00a0 por correo electr\u00f3nico a trav\u00e9s de Internet o del sitio web no es segura y se realiza de forma no confidencial. La transmisi\u00f3n de informaci\u00f3n desde este sitio web no crea una relaci\u00f3n abogado-cliente entre usted y la firma, ni tiene la intenci\u00f3n de hacerlo. La transmisi\u00f3n del sitio web, en parte o en su totalidad, y \/ o cualquier comunicaci\u00f3n con nosotros por correo electr\u00f3nico a trav\u00e9s de este sitio no constituye ni crea una relaci\u00f3n abogado-cliente entre nosotros y los destinatarios.<\/span><\/p><p><span style=\"font-weight: 400;\">\u00a0<\/span><span style=\"font-weight: 400;\">Algunos enlaces dentro del sitio web pueden conducir a otros sitios web, incluidos los operados y mantenidos por terceros. La Firma incluye estos enlaces \u00fanicamente para su conveniencia, y la presencia de dicho enlace no implica una responsabilidad por el sitio vinculado o un respaldo del sitio vinculado, su operador o sus contenidos.<\/span><\/p><p><span style=\"font-weight: 400;\">\u00a0<\/span><span style=\"font-weight: 400;\">Este sitio web y sus contenidos se proporcionan &#8220;TAL CUAL&#8221; sin garant\u00eda de ning\u00fan tipo, ya sea expresa o impl\u00edcita, incluidas, entre otras, las garant\u00edas impl\u00edcitas de comerciabilidad, idoneidad para un prop\u00f3sito particular o no infracci\u00f3n. Firma Legal Tishbi\u00a0 no desea representar a nadie que desee una representaci\u00f3n basada en ver este sitio web en un estado donde este sitio web no cumple con todas las leyes y normas \u00e9ticas de ese estado.<\/span><\/p><p><span style=\"font-weight: 400;\">\u00a0<\/span><span style=\"font-weight: 400;\">La reproducci\u00f3n, distribuci\u00f3n, republicaci\u00f3n y \/ o retransmisi\u00f3n de cualquier material contenido en este sitio web est\u00e1 estrictamente prohibida a menos que se haya obtenido un permiso previo por escrito de Firma Legal Tishbi.<\/span><\/p>\t\t\t\t\t\t\t\t<\/div>\n\t\t\t\t<\/div>\n\t\t\t\t\t<\/div>\n\t\t<\/div>\n\t\t\t\t\t<\/div>\n\t\t<\/section>\n\t\t\t\t<\/div>\n\t\t","protected":false},"excerpt":{"rendered":"<p>Renuncia de Responsabilidad El contenido de este sitio web se proporciona \u00fanicamente con fines informativos y publicitarios, y no debe interpretarse como asesoramiento legal sobre ning\u00fan tema. Este sitio web contiene informaci\u00f3n general y puede no reflejar desarrollos legales actuales, veredictos o acuerdos.Firma Legal Tishbi renuncia expresamente a toda responsabilidad con respecto a las acciones [&hellip;]<\/p>\n","protected":false},"author":3,"featured_media":0,"parent":0,"menu_order":0,"comment_status":"closed","ping_status":"closed","template":"elementor_header_footer","meta":{"footnotes":""},"class_list":["post-25","page","type-page","status-publish","hentry"],"yoast_head":"<!-- This site is optimized with the Yoast SEO plugin v26.8 - https:\/\/yoast.com\/product\/yoast-seo-wordpress\/ -->\n<title>Renuncia De Responsabilidad \u2013 Firma Legal Tishbi<\/title>\n<meta name=\"robots\" content=\"index, follow, max-snippet:-1, max-image-preview:large, max-video-preview:-1\" \/>\n<link rel=\"canonical\" href=\"https:\/\/www.firmalegaltishbi.com\/index.php\/renuncia-de-responsavilidad\/\" \/>\n<meta property=\"og:locale\" content=\"en_US\" \/>\n<meta property=\"og:type\" content=\"article\" \/>\n<meta property=\"og:title\" content=\"Renuncia De Responsabilidad \u2013 Firma Legal Tishbi\" \/>\n<meta property=\"og:description\" content=\"Renuncia de Responsabilidad El contenido de este sitio web se proporciona \u00fanicamente con fines informativos y publicitarios, y no debe interpretarse como asesoramiento legal sobre ning\u00fan tema. Este sitio web contiene informaci\u00f3n general y puede no reflejar desarrollos legales actuales, veredictos o acuerdos.Firma Legal Tishbi renuncia expresamente a toda responsabilidad con respecto a las acciones [&hellip;]\" \/>\n<meta property=\"og:url\" content=\"https:\/\/www.firmalegaltishbi.com\/index.php\/renuncia-de-responsavilidad\/\" \/>\n<meta property=\"og:site_name\" content=\"Firma Legal Tishbi\" \/>\n<meta property=\"article:modified_time\" content=\"2023-05-31T22:56:20+00:00\" \/>\n<meta name=\"twitter:card\" content=\"summary_large_image\" \/>\n<meta name=\"twitter:label1\" content=\"Est. reading time\" \/>\n\t<meta name=\"twitter:data1\" content=\"3 minutes\" \/>\n<script type=\"application\/ld+json\" class=\"yoast-schema-graph\">{\"@context\":\"https:\/\/schema.org\",\"@graph\":[{\"@type\":\"WebPage\",\"@id\":\"https:\/\/www.firmalegaltishbi.com\/index.php\/renuncia-de-responsavilidad\/\",\"url\":\"https:\/\/www.firmalegaltishbi.com\/index.php\/renuncia-de-responsavilidad\/\",\"name\":\"Renuncia De Responsabilidad \u2013 Firma Legal Tishbi\",\"isPartOf\":{\"@id\":\"https:\/\/www.firmalegaltishbi.com\/#website\"},\"datePublished\":\"2023-05-26T16:48:31+00:00\",\"dateModified\":\"2023-05-31T22:56:20+00:00\",\"breadcrumb\":{\"@id\":\"https:\/\/www.firmalegaltishbi.com\/index.php\/renuncia-de-responsavilidad\/#breadcrumb\"},\"inLanguage\":\"en-US\",\"potentialAction\":[{\"@type\":\"ReadAction\",\"target\":[\"https:\/\/www.firmalegaltishbi.com\/index.php\/renuncia-de-responsavilidad\/\"]}]},{\"@type\":\"BreadcrumbList\",\"@id\":\"https:\/\/www.firmalegaltishbi.com\/index.php\/renuncia-de-responsavilidad\/#breadcrumb\",\"itemListElement\":[{\"@type\":\"ListItem\",\"position\":1,\"name\":\"Home\",\"item\":\"https:\/\/www.firmalegaltishbi.com\/\"},{\"@type\":\"ListItem\",\"position\":2,\"name\":\"Renuncia de Responsavilidad\"}]},{\"@type\":\"WebSite\",\"@id\":\"https:\/\/www.firmalegaltishbi.com\/#website\",\"url\":\"https:\/\/www.firmalegaltishbi.com\/\",\"name\":\"Firma Legal Tishbi\",\"description\":\"\",\"potentialAction\":[{\"@type\":\"SearchAction\",\"target\":{\"@type\":\"EntryPoint\",\"urlTemplate\":\"https:\/\/www.firmalegaltishbi.com\/?s={search_term_string}\"},\"query-input\":{\"@type\":\"PropertyValueSpecification\",\"valueRequired\":true,\"valueName\":\"search_term_string\"}}],\"inLanguage\":\"en-US\"}]}<\/script>\n<!-- \/ Yoast SEO plugin. -->","yoast_head_json":{"title":"Renuncia De Responsabilidad \u2013 Firma Legal Tishbi","robots":{"index":"index","follow":"follow","max-snippet":"max-snippet:-1","max-image-preview":"max-image-preview:large","max-video-preview":"max-video-preview:-1"},"canonical":"https:\/\/www.firmalegaltishbi.com\/index.php\/renuncia-de-responsavilidad\/","og_locale":"en_US","og_type":"article","og_title":"Renuncia De Responsabilidad \u2013 Firma Legal Tishbi","og_description":"Renuncia de Responsabilidad El contenido de este sitio web se proporciona \u00fanicamente con fines informativos y publicitarios, y no debe interpretarse como asesoramiento legal sobre ning\u00fan tema. Este sitio web contiene informaci\u00f3n general y puede no reflejar desarrollos legales actuales, veredictos o acuerdos.Firma Legal Tishbi renuncia expresamente a toda responsabilidad con respecto a las acciones [&hellip;]","og_url":"https:\/\/www.firmalegaltishbi.com\/index.php\/renuncia-de-responsavilidad\/","og_site_name":"Firma Legal Tishbi","article_modified_time":"2023-05-31T22:56:20+00:00","twitter_card":"summary_large_image","twitter_misc":{"Est. reading time":"3 minutes"},"schema":{"@context":"https:\/\/schema.org","@graph":[{"@type":"WebPage","@id":"https:\/\/www.firmalegaltishbi.com\/index.php\/renuncia-de-responsavilidad\/","url":"https:\/\/www.firmalegaltishbi.com\/index.php\/renuncia-de-responsavilidad\/","name":"Renuncia De Responsabilidad \u2013 Firma Legal Tishbi","isPartOf":{"@id":"https:\/\/www.firmalegaltishbi.com\/#website"},"datePublished":"2023-05-26T16:48:31+00:00","dateModified":"2023-05-31T22:56:20+00:00","breadcrumb":{"@id":"https:\/\/www.firmalegaltishbi.com\/index.php\/renuncia-de-responsavilidad\/#breadcrumb"},"inLanguage":"en-US","potentialAction":[{"@type":"ReadAction","target":["https:\/\/www.firmalegaltishbi.com\/index.php\/renuncia-de-responsavilidad\/"]}]},{"@type":"BreadcrumbList","@id":"https:\/\/www.firmalegaltishbi.com\/index.php\/renuncia-de-responsavilidad\/#breadcrumb","itemListElement":[{"@type":"ListItem","position":1,"name":"Home","item":"https:\/\/www.firmalegaltishbi.com\/"},{"@type":"ListItem","position":2,"name":"Renuncia de Responsavilidad"}]},{"@type":"WebSite","@id":"https:\/\/www.firmalegaltishbi.com\/#website","url":"https:\/\/www.firmalegaltishbi.com\/","name":"Firma Legal Tishbi","description":"","potentialAction":[{"@type":"SearchAction","target":{"@type":"EntryPoint","urlTemplate":"https:\/\/www.firmalegaltishbi.com\/?s={search_term_string}"},"query-input":{"@type":"PropertyValueSpecification","valueRequired":true,"valueName":"search_term_string"}}],"inLanguage":"en-US"}]}},"_links":{"self":[{"href":"https:\/\/www.firmalegaltishbi.com\/index.php\/wp-json\/wp\/v2\/pages\/25","targetHints":{"allow":["GET"]}}],"collection":[{"href":"https:\/\/www.firmalegaltishbi.com\/index.php\/wp-json\/wp\/v2\/pages"}],"about":[{"href":"https:\/\/www.firmalegaltishbi.com\/index.php\/wp-json\/wp\/v2\/types\/page"}],"author":[{"embeddable":true,"href":"https:\/\/www.firmalegaltishbi.com\/index.php\/wp-json\/wp\/v2\/users\/3"}],"replies":[{"embeddable":true,"href":"https:\/\/www.firmalegaltishbi.com\/index.php\/wp-json\/wp\/v2\/comments?post=25"}],"version-history":[{"count":0,"href":"https:\/\/www.firmalegaltishbi.com\/index.php\/wp-json\/wp\/v2\/pages\/25\/revisions"}],"wp:attachment":[{"href":"https:\/\/www.firmalegaltishbi.com\/index.php\/wp-json\/wp\/v2\/media?parent=25"}],"curies":[{"name":"wp","href":"https:\/\/api.w.org\/{rel}","templated":true}]}}