{"id":23,"date":"2023-05-26T16:47:57","date_gmt":"2023-05-26T16:47:57","guid":{"rendered":"https:\/\/www.firmalegaltishbi.com\/?page_id=23"},"modified":"2023-05-31T22:55:41","modified_gmt":"2023-05-31T22:55:41","slug":"poloticas-de-privacidad","status":"publish","type":"page","link":"https:\/\/www.firmalegaltishbi.com\/index.php\/poloticas-de-privacidad\/","title":{"rendered":"Poloticas de Privacidad"},"content":{"rendered":"\t\t<div data-elementor-type=\"wp-page\" data-elementor-id=\"23\" class=\"elementor elementor-23\" data-elementor-post-type=\"page\">\n\t\t\t\t\t\t<section class=\"elementor-section elementor-top-section elementor-element elementor-element-01beb2d elementor-section-boxed elementor-section-height-default elementor-section-height-default\" data-id=\"01beb2d\" data-element_type=\"section\" data-settings=\"{&quot;background_background&quot;:&quot;gradient&quot;}\">\n\t\t\t\t\t\t<div class=\"elementor-container elementor-column-gap-default\">\n\t\t\t\t\t<div class=\"elementor-column elementor-col-100 elementor-top-column elementor-element elementor-element-32779c7\" data-id=\"32779c7\" data-element_type=\"column\">\n\t\t\t<div class=\"elementor-widget-wrap elementor-element-populated\">\n\t\t\t\t\t\t<div class=\"elementor-element elementor-element-3443baf elementor-widget elementor-widget-heading\" data-id=\"3443baf\" data-element_type=\"widget\" data-widget_type=\"heading.default\">\n\t\t\t\t<div class=\"elementor-widget-container\">\n\t\t\t\t\t<h2 class=\"elementor-heading-title elementor-size-default\">Pol\u00edtica de Privacidad<\/h2>\t\t\t\t<\/div>\n\t\t\t\t<\/div>\n\t\t\t\t<div class=\"elementor-element elementor-element-fe254fe elementor-widget-divider--view-line elementor-widget elementor-widget-divider\" data-id=\"fe254fe\" data-element_type=\"widget\" data-widget_type=\"divider.default\">\n\t\t\t\t<div class=\"elementor-widget-container\">\n\t\t\t\t\t\t\t<div class=\"elementor-divider\">\n\t\t\t<span class=\"elementor-divider-separator\">\n\t\t\t\t\t\t<\/span>\n\t\t<\/div>\n\t\t\t\t\t\t<\/div>\n\t\t\t\t<\/div>\n\t\t\t\t<div class=\"elementor-element elementor-element-8dc6c21 elementor-widget elementor-widget-text-editor\" data-id=\"8dc6c21\" data-element_type=\"widget\" data-widget_type=\"text-editor.default\">\n\t\t\t\t<div class=\"elementor-widget-container\">\n\t\t\t\t\t\t\t\t\t<p><b>\u00bfQu\u00e9 Informaci\u00f3n Recopilamos?<\/b><\/p><p><span style=\"font-weight: 400;\">Recopilamos informaci\u00f3n sobre usted cuando se registra en nuestro sitio o completa un formulario.<\/span><\/p><p><span style=\"font-weight: 400;\">\u00a0<\/span><span style=\"font-weight: 400;\">Al registrarse en este sitio, seg\u00fan corresponda, se le puede solicitar que ingrese su: nombre, direcci\u00f3n de correo electr\u00f3nico, n\u00famero de tel\u00e9fono u otra informaci\u00f3n. Sin embargo, puede visitar nuestro sitio de forma an\u00f3nima.<\/span><\/p><p><span style=\"font-weight: 400;\">\u00a0<\/span><span style=\"font-weight: 400;\">Google, como proveedor externo, utiliza cookies para publicar anuncios en este sitio. El uso de Google de la cookie de DART le permite publicar anuncios a sus usuarios en funci\u00f3n de su visita a sus sitios y otros sitios en Internet. Los usuarios pueden optar por no usar la cookie de DART visitando la pol\u00edtica de privacidad de la red de contenido y anuncios de Google.<\/span><\/p><p><span style=\"font-weight: 400;\">\u00a0<\/span><b>\u00bfPara Qu\u00e9 Utilizamos su Informaci\u00f3n?<\/b><\/p><p><span style=\"font-weight: 400;\">Cualquier informaci\u00f3n que recopilemos de usted puede usarse de una de las siguientes maneras:<\/span><\/p><ul><li><span style=\"font-weight: 400;\">\u00a0<\/span><span style=\"font-weight: 400;\">Para personalizar su experiencia (su informaci\u00f3n nos ayuda a responder mejor a sus necesidades individuales)<\/span><\/li><li style=\"font-weight: 400;\" aria-level=\"1\"><span style=\"font-weight: 400;\">Para mejorar nuestro sitio web (nos esforzamos continuamente por mejorar las ofertas de nuestro sitio web en funci\u00f3n de la informaci\u00f3n y los comentarios que recibimos de usted)<\/span><\/li><li style=\"font-weight: 400;\" aria-level=\"1\"><span style=\"font-weight: 400;\">Para mejorar el servicio al cliente (su informaci\u00f3n nos ayuda a responder de manera m\u00e1s efectiva a sus solicitudes de servicio al cliente y necesidades de soporte)<\/span><\/li><\/ul><p>\u00a0<\/p><p><b>\u00bfC\u00f3mo Protegemos tu Informaci\u00f3n?<\/b><\/p><p><span style=\"font-weight: 400;\">Implementamos una variedad de medidas de seguridad para mantener la seguridad de su informaci\u00f3n personal cuando accede a su informaci\u00f3n personal.<\/span><\/p><p><span style=\"font-weight: 400;\">\u00a0<\/span><span style=\"font-weight: 400;\">Ofrecemos el uso de un servidor seguro. Toda la informaci\u00f3n confidencial \/ crediticia suministrada se transmite a trav\u00e9s de la tecnolog\u00eda Secure Socket Layer (SSL) y luego se encripta en nuestra Base de Datos para que solo tengan acceso aquellos autorizados con derechos especiales de acceso a nuestros sistemas, y est\u00e1n obligados a mantener la informaci\u00f3n confidencial.<\/span><\/p><p><span style=\"font-weight: 400;\">\u00a0<\/span><span style=\"font-weight: 400;\">Despu\u00e9s de una transacci\u00f3n, su informaci\u00f3n privada (tarjetas de cr\u00e9dito, n\u00fameros de seguro social, finanzas, etc.) no se mantendr\u00e1 en archivo por m\u00e1s de 60 d\u00edas.<\/span><\/p><p><span style=\"font-weight: 400;\">\u00a0<\/span><b>\u00bfUsamos Cookies?<\/b><\/p><p><span style=\"font-weight: 400;\">S\u00ed (las cookies son peque\u00f1os archivos que un sitio o su proveedor de servicios transfiere al disco duro de su computadora a trav\u00e9s de su navegador web (si lo permite) que permite a los sitios o sistemas de proveedores de servicios reconocer su navegador y capturar y recordar cierta informaci\u00f3n.<\/span><\/p><p><span style=\"font-weight: 400;\">\u00a0<\/span><span style=\"font-weight: 400;\">Utilizamos cookies para comprender y guardar sus preferencias para futuras visitas.<\/span><\/p><p><span style=\"font-weight: 400;\">\u00a0<\/span><b>\u00bfDivulgamos Alguna Informaci\u00f3n a Terceros?<\/b><\/p><p><span style=\"font-weight: 400;\">No vendemos, intercambiamos ni transferimos a terceros su informaci\u00f3n de identificaci\u00f3n personal. Esto no incluye a terceros de confianza que nos ayudan a operar nuestro sitio web, realizar nuestro negocio o brindarle servicios, siempre que esas partes acuerden mantener la confidencialidad de esta informaci\u00f3n. Tambi\u00e9n podemos divulgar su informaci\u00f3n cuando creamos que la divulgaci\u00f3n es apropiada para cumplir con la ley, hacer cumplir las pol\u00edticas de nuestro sitio o proteger nuestros derechos u otros, propiedad o seguridad. Sin embargo, la informaci\u00f3n del visitante no identificable personalmente se puede proporcionar a otras partes para fines de marketing, publicidad u otros usos.<\/span><\/p><p><span style=\"font-weight: 400;\">\u00a0<\/span><b>Enlaces de Terceros<\/b><\/p><p><span style=\"font-weight: 400;\">Ocasionalmente, a nuestro criterio, podemos incluir u ofrecer productos o servicios de terceros en nuestro sitio web. Estos sitios de terceros tienen pol\u00edticas de privacidad separadas e independientes. Por lo tanto, no tenemos responsabilidad u obligaci\u00f3n por el contenido y las actividades de estos sitios vinculados. No obstante, buscamos proteger la integridad de nuestro sitio y agradecemos cualquier comentario sobre estos sitios.<\/span><\/p><p><span style=\"font-weight: 400;\">\u00a0<\/span><b>Cumplimiento de la Ley de Protecci\u00f3n de Privacidad en L\u00ednea de California<\/b><\/p><p><span style=\"font-weight: 400;\">Debido a que valoramos su privacidad, hemos tomado las precauciones necesarias para cumplir con la Ley de Protecci\u00f3n de Privacidad en L\u00ednea de California. Por lo tanto, no distribuiremos su informaci\u00f3n personal a terceros sin su consentimiento.<\/span><\/p><p><span style=\"font-weight: 400;\">\u00a0<\/span><span style=\"font-weight: 400;\">Como parte de la Ley de Protecci\u00f3n de Privacidad en L\u00ednea de California, todos los usuarios de nuestro sitio pueden realizar cambios en su informaci\u00f3n en cualquier momento iniciando sesi\u00f3n en su panel de control y yendo a la p\u00e1gina &#8220;Editar perfil&#8221;.<\/span><\/p><p><span style=\"font-weight: 400;\">\u00a0<\/span><b>Cumplimiento de la Ley de Protecci\u00f3n de la Privacidad en L\u00ednea Para Ni\u00f1os<\/b><\/p><p><span style=\"font-weight: 400;\">Cumplimos con los requisitos de la COPPA (Ley de protecci\u00f3n de privacidad en l\u00ednea para ni\u00f1os), no recopilamos ninguna informaci\u00f3n de ninguna persona menor de 13 a\u00f1os. Nuestro sitio web, productos y servicios est\u00e1n dirigidos a personas que tienen al menos 13 a\u00f1os de edad o m\u00e1s.<\/span><\/p><p><b>\u00a0<\/b><b>Pol\u00edtica de Privacidad en L\u00ednea Solamente<\/b><\/p><p><span style=\"font-weight: 400;\">Esta pol\u00edtica de privacidad en l\u00ednea se aplica s\u00f3lo a la informaci\u00f3n recopilada a trav\u00e9s de nuestro sitio web y no a la informaci\u00f3n recopilada sin conexi\u00f3n.<\/span><\/p><p><span style=\"font-weight: 400;\">\u00a0<\/span><b>T\u00e9rminos y Condiciones<\/b><\/p><p><span style=\"font-weight: 400;\">Visite tambi\u00e9n nuestra secci\u00f3n de t\u00e9rminos y condiciones que establece el uso, renuncias y limitaciones de responsabilidad que rigen el uso de nuestro sitio web.<\/span><\/p><p><span style=\"font-weight: 400;\">\u00a0<\/span><b>Tu Consentimiento<\/b><\/p><p><span style=\"font-weight: 400;\">Al usar nuestro sitio, usted acepta la pol\u00edtica de privacidad de nuestros sitios web.<\/span><\/p><p><b>\u00a0<\/b><b>Cambios a Nuestra Pol\u00edtica de Privacidad<\/b><\/p><p><span style=\"font-weight: 400;\">Si decidimos cambiar nuestra pol\u00edtica de privacidad, publicaremos esos cambios en esta p\u00e1gina.<\/span><\/p>\t\t\t\t\t\t\t\t<\/div>\n\t\t\t\t<\/div>\n\t\t\t\t\t<\/div>\n\t\t<\/div>\n\t\t\t\t\t<\/div>\n\t\t<\/section>\n\t\t\t\t<\/div>\n\t\t","protected":false},"excerpt":{"rendered":"<p>Pol\u00edtica de Privacidad \u00bfQu\u00e9 Informaci\u00f3n Recopilamos? Recopilamos informaci\u00f3n sobre usted cuando se registra en nuestro sitio o completa un formulario. &nbsp;Al registrarse en este sitio, seg\u00fan corresponda, se le puede solicitar que ingrese su: nombre, direcci\u00f3n de correo electr\u00f3nico, n\u00famero de tel\u00e9fono u otra informaci\u00f3n. Sin embargo, puede visitar nuestro sitio de forma an\u00f3nima. &nbsp;Google, [&hellip;]<\/p>\n","protected":false},"author":3,"featured_media":0,"parent":0,"menu_order":0,"comment_status":"closed","ping_status":"closed","template":"elementor_header_footer","meta":{"footnotes":""},"class_list":["post-23","page","type-page","status-publish","hentry"],"yoast_head":"<!-- This site is optimized with the Yoast SEO plugin v26.8 - https:\/\/yoast.com\/product\/yoast-seo-wordpress\/ -->\n<title>Pol\u00edtica de Privacidad \u2013 Firma Legal Tishbi<\/title>\n<meta name=\"robots\" content=\"index, follow, max-snippet:-1, max-image-preview:large, max-video-preview:-1\" \/>\n<link rel=\"canonical\" href=\"https:\/\/www.firmalegaltishbi.com\/index.php\/poloticas-de-privacidad\/\" \/>\n<meta property=\"og:locale\" content=\"en_US\" \/>\n<meta property=\"og:type\" content=\"article\" \/>\n<meta property=\"og:title\" content=\"Pol\u00edtica de Privacidad \u2013 Firma Legal Tishbi\" \/>\n<meta property=\"og:description\" content=\"Pol\u00edtica de Privacidad \u00bfQu\u00e9 Informaci\u00f3n Recopilamos? Recopilamos informaci\u00f3n sobre usted cuando se registra en nuestro sitio o completa un formulario. &nbsp;Al registrarse en este sitio, seg\u00fan corresponda, se le puede solicitar que ingrese su: nombre, direcci\u00f3n de correo electr\u00f3nico, n\u00famero de tel\u00e9fono u otra informaci\u00f3n. Sin embargo, puede visitar nuestro sitio de forma an\u00f3nima. &nbsp;Google, [&hellip;]\" \/>\n<meta property=\"og:url\" content=\"https:\/\/www.firmalegaltishbi.com\/index.php\/poloticas-de-privacidad\/\" \/>\n<meta property=\"og:site_name\" content=\"Firma Legal Tishbi\" \/>\n<meta property=\"article:modified_time\" content=\"2023-05-31T22:55:41+00:00\" \/>\n<meta name=\"twitter:card\" content=\"summary_large_image\" \/>\n<meta name=\"twitter:label1\" content=\"Est. reading time\" \/>\n\t<meta name=\"twitter:data1\" content=\"4 minutes\" \/>\n<script type=\"application\/ld+json\" class=\"yoast-schema-graph\">{\"@context\":\"https:\/\/schema.org\",\"@graph\":[{\"@type\":\"WebPage\",\"@id\":\"https:\/\/www.firmalegaltishbi.com\/index.php\/poloticas-de-privacidad\/\",\"url\":\"https:\/\/www.firmalegaltishbi.com\/index.php\/poloticas-de-privacidad\/\",\"name\":\"Pol\u00edtica de Privacidad \u2013 Firma Legal Tishbi\",\"isPartOf\":{\"@id\":\"https:\/\/www.firmalegaltishbi.com\/#website\"},\"datePublished\":\"2023-05-26T16:47:57+00:00\",\"dateModified\":\"2023-05-31T22:55:41+00:00\",\"breadcrumb\":{\"@id\":\"https:\/\/www.firmalegaltishbi.com\/index.php\/poloticas-de-privacidad\/#breadcrumb\"},\"inLanguage\":\"en-US\",\"potentialAction\":[{\"@type\":\"ReadAction\",\"target\":[\"https:\/\/www.firmalegaltishbi.com\/index.php\/poloticas-de-privacidad\/\"]}]},{\"@type\":\"BreadcrumbList\",\"@id\":\"https:\/\/www.firmalegaltishbi.com\/index.php\/poloticas-de-privacidad\/#breadcrumb\",\"itemListElement\":[{\"@type\":\"ListItem\",\"position\":1,\"name\":\"Home\",\"item\":\"https:\/\/www.firmalegaltishbi.com\/\"},{\"@type\":\"ListItem\",\"position\":2,\"name\":\"Poloticas de Privacidad\"}]},{\"@type\":\"WebSite\",\"@id\":\"https:\/\/www.firmalegaltishbi.com\/#website\",\"url\":\"https:\/\/www.firmalegaltishbi.com\/\",\"name\":\"Firma Legal Tishbi\",\"description\":\"\",\"potentialAction\":[{\"@type\":\"SearchAction\",\"target\":{\"@type\":\"EntryPoint\",\"urlTemplate\":\"https:\/\/www.firmalegaltishbi.com\/?s={search_term_string}\"},\"query-input\":{\"@type\":\"PropertyValueSpecification\",\"valueRequired\":true,\"valueName\":\"search_term_string\"}}],\"inLanguage\":\"en-US\"}]}<\/script>\n<!-- \/ Yoast SEO plugin. -->","yoast_head_json":{"title":"Pol\u00edtica de Privacidad \u2013 Firma Legal Tishbi","robots":{"index":"index","follow":"follow","max-snippet":"max-snippet:-1","max-image-preview":"max-image-preview:large","max-video-preview":"max-video-preview:-1"},"canonical":"https:\/\/www.firmalegaltishbi.com\/index.php\/poloticas-de-privacidad\/","og_locale":"en_US","og_type":"article","og_title":"Pol\u00edtica de Privacidad \u2013 Firma Legal Tishbi","og_description":"Pol\u00edtica de Privacidad \u00bfQu\u00e9 Informaci\u00f3n Recopilamos? Recopilamos informaci\u00f3n sobre usted cuando se registra en nuestro sitio o completa un formulario. &nbsp;Al registrarse en este sitio, seg\u00fan corresponda, se le puede solicitar que ingrese su: nombre, direcci\u00f3n de correo electr\u00f3nico, n\u00famero de tel\u00e9fono u otra informaci\u00f3n. Sin embargo, puede visitar nuestro sitio de forma an\u00f3nima. &nbsp;Google, [&hellip;]","og_url":"https:\/\/www.firmalegaltishbi.com\/index.php\/poloticas-de-privacidad\/","og_site_name":"Firma Legal Tishbi","article_modified_time":"2023-05-31T22:55:41+00:00","twitter_card":"summary_large_image","twitter_misc":{"Est. reading time":"4 minutes"},"schema":{"@context":"https:\/\/schema.org","@graph":[{"@type":"WebPage","@id":"https:\/\/www.firmalegaltishbi.com\/index.php\/poloticas-de-privacidad\/","url":"https:\/\/www.firmalegaltishbi.com\/index.php\/poloticas-de-privacidad\/","name":"Pol\u00edtica de Privacidad \u2013 Firma Legal Tishbi","isPartOf":{"@id":"https:\/\/www.firmalegaltishbi.com\/#website"},"datePublished":"2023-05-26T16:47:57+00:00","dateModified":"2023-05-31T22:55:41+00:00","breadcrumb":{"@id":"https:\/\/www.firmalegaltishbi.com\/index.php\/poloticas-de-privacidad\/#breadcrumb"},"inLanguage":"en-US","potentialAction":[{"@type":"ReadAction","target":["https:\/\/www.firmalegaltishbi.com\/index.php\/poloticas-de-privacidad\/"]}]},{"@type":"BreadcrumbList","@id":"https:\/\/www.firmalegaltishbi.com\/index.php\/poloticas-de-privacidad\/#breadcrumb","itemListElement":[{"@type":"ListItem","position":1,"name":"Home","item":"https:\/\/www.firmalegaltishbi.com\/"},{"@type":"ListItem","position":2,"name":"Poloticas de Privacidad"}]},{"@type":"WebSite","@id":"https:\/\/www.firmalegaltishbi.com\/#website","url":"https:\/\/www.firmalegaltishbi.com\/","name":"Firma Legal Tishbi","description":"","potentialAction":[{"@type":"SearchAction","target":{"@type":"EntryPoint","urlTemplate":"https:\/\/www.firmalegaltishbi.com\/?s={search_term_string}"},"query-input":{"@type":"PropertyValueSpecification","valueRequired":true,"valueName":"search_term_string"}}],"inLanguage":"en-US"}]}},"_links":{"self":[{"href":"https:\/\/www.firmalegaltishbi.com\/index.php\/wp-json\/wp\/v2\/pages\/23","targetHints":{"allow":["GET"]}}],"collection":[{"href":"https:\/\/www.firmalegaltishbi.com\/index.php\/wp-json\/wp\/v2\/pages"}],"about":[{"href":"https:\/\/www.firmalegaltishbi.com\/index.php\/wp-json\/wp\/v2\/types\/page"}],"author":[{"embeddable":true,"href":"https:\/\/www.firmalegaltishbi.com\/index.php\/wp-json\/wp\/v2\/users\/3"}],"replies":[{"embeddable":true,"href":"https:\/\/www.firmalegaltishbi.com\/index.php\/wp-json\/wp\/v2\/comments?post=23"}],"version-history":[{"count":0,"href":"https:\/\/www.firmalegaltishbi.com\/index.php\/wp-json\/wp\/v2\/pages\/23\/revisions"}],"wp:attachment":[{"href":"https:\/\/www.firmalegaltishbi.com\/index.php\/wp-json\/wp\/v2\/media?parent=23"}],"curies":[{"name":"wp","href":"https:\/\/api.w.org\/{rel}","templated":true}]}}