{"id":19,"date":"2023-05-26T16:47:19","date_gmt":"2023-05-26T16:47:19","guid":{"rendered":"https:\/\/www.firmalegaltishbi.com\/?page_id=19"},"modified":"2023-05-31T22:54:15","modified_gmt":"2023-05-31T22:54:15","slug":"blog","status":"publish","type":"page","link":"https:\/\/www.firmalegaltishbi.com\/index.php\/blog\/","title":{"rendered":"Blog"},"content":{"rendered":"\t\t<div data-elementor-type=\"wp-page\" data-elementor-id=\"19\" class=\"elementor elementor-19\" data-elementor-post-type=\"page\">\n\t\t\t\t\t\t<section class=\"elementor-section elementor-top-section elementor-element elementor-element-6e4a2a4 elementor-section-boxed elementor-section-height-default elementor-section-height-default\" data-id=\"6e4a2a4\" data-element_type=\"section\" data-settings=\"{&quot;background_background&quot;:&quot;gradient&quot;}\">\n\t\t\t\t\t\t<div class=\"elementor-container elementor-column-gap-default\">\n\t\t\t\t\t<div class=\"elementor-column elementor-col-100 elementor-top-column elementor-element elementor-element-091d9db\" data-id=\"091d9db\" data-element_type=\"column\">\n\t\t\t<div class=\"elementor-widget-wrap elementor-element-populated\">\n\t\t\t\t\t\t<div class=\"elementor-element elementor-element-5c3bbaf elementor-widget elementor-widget-heading\" data-id=\"5c3bbaf\" data-element_type=\"widget\" data-widget_type=\"heading.default\">\n\t\t\t\t<div class=\"elementor-widget-container\">\n\t\t\t\t\t<h2 class=\"elementor-heading-title elementor-size-default\">Blog<\/h2>\t\t\t\t<\/div>\n\t\t\t\t<\/div>\n\t\t\t\t<div class=\"elementor-element elementor-element-bd6e428 elementor-widget-divider--view-line elementor-widget elementor-widget-divider\" data-id=\"bd6e428\" data-element_type=\"widget\" data-widget_type=\"divider.default\">\n\t\t\t\t<div class=\"elementor-widget-container\">\n\t\t\t\t\t\t\t<div class=\"elementor-divider\">\n\t\t\t<span class=\"elementor-divider-separator\">\n\t\t\t\t\t\t<\/span>\n\t\t<\/div>\n\t\t\t\t\t\t<\/div>\n\t\t\t\t<\/div>\n\t\t\t\t<div class=\"elementor-element elementor-element-abbff5b elementor-posts--align-left elementor-grid-3 elementor-grid-tablet-2 elementor-grid-mobile-1 elementor-posts--thumbnail-top load-more-align-center elementor-widget elementor-widget-posts\" data-id=\"abbff5b\" data-element_type=\"widget\" data-settings=\"{&quot;pagination_type&quot;:&quot;load_more_on_click&quot;,&quot;classic_columns&quot;:&quot;3&quot;,&quot;classic_columns_tablet&quot;:&quot;2&quot;,&quot;classic_columns_mobile&quot;:&quot;1&quot;,&quot;classic_row_gap&quot;:{&quot;unit&quot;:&quot;px&quot;,&quot;size&quot;:35,&quot;sizes&quot;:[]},&quot;classic_row_gap_tablet&quot;:{&quot;unit&quot;:&quot;px&quot;,&quot;size&quot;:&quot;&quot;,&quot;sizes&quot;:[]},&quot;classic_row_gap_mobile&quot;:{&quot;unit&quot;:&quot;px&quot;,&quot;size&quot;:&quot;&quot;,&quot;sizes&quot;:[]},&quot;load_more_spinner&quot;:{&quot;value&quot;:&quot;fas fa-spinner&quot;,&quot;library&quot;:&quot;fa-solid&quot;}}\" data-widget_type=\"posts.classic\">\n\t\t\t\t<div class=\"elementor-widget-container\">\n\t\t\t\t\t\t\t<div class=\"elementor-posts-container elementor-posts elementor-posts--skin-classic elementor-grid\" role=\"list\">\n\t\t\t\t<article class=\"elementor-post elementor-grid-item post-789 post type-post status-publish format-standard has-post-thumbnail hentry category-uncategorized\" role=\"listitem\">\n\t\t\t\t<a class=\"elementor-post__thumbnail__link\" href=\"https:\/\/www.firmalegaltishbi.com\/index.php\/2023\/10\/17\/las-lesiones-y-sus-repercusiones\/\" tabindex=\"-1\" >\n\t\t\t<div class=\"elementor-post__thumbnail\"><img fetchpriority=\"high\" decoding=\"async\" width=\"300\" height=\"300\" src=\"https:\/\/www.firmalegaltishbi.com\/wp-content\/uploads\/2023\/10\/10_17_23-300x300.png\" class=\"attachment-medium size-medium wp-image-790\" alt=\"\" srcset=\"https:\/\/www.firmalegaltishbi.com\/wp-content\/uploads\/2023\/10\/10_17_23-300x300.png 300w, https:\/\/www.firmalegaltishbi.com\/wp-content\/uploads\/2023\/10\/10_17_23-1024x1024.png 1024w, https:\/\/www.firmalegaltishbi.com\/wp-content\/uploads\/2023\/10\/10_17_23-150x150.png 150w, https:\/\/www.firmalegaltishbi.com\/wp-content\/uploads\/2023\/10\/10_17_23-768x768.png 768w, https:\/\/www.firmalegaltishbi.com\/wp-content\/uploads\/2023\/10\/10_17_23.png 1080w\" sizes=\"(max-width: 300px) 100vw, 300px\" \/><\/div>\n\t\t<\/a>\n\t\t\t\t<div class=\"elementor-post__text\">\n\t\t\t\t<h3 class=\"elementor-post__title\">\n\t\t\t<a href=\"https:\/\/www.firmalegaltishbi.com\/index.php\/2023\/10\/17\/las-lesiones-y-sus-repercusiones\/\" >\n\t\t\t\tLas Lesiones y sus Repercusiones\t\t\t<\/a>\n\t\t<\/h3>\n\t\t\t\t<div class=\"elementor-post__excerpt\">\n\t\t\t<p>Las lesiones son desafortunadas eventualidades de la vida. Sin embargo, no todas tienen el mismo impacto en nuestro bienestar y rutina diaria. Cuando una lesi\u00f3n<\/p>\n\t\t<\/div>\n\t\t\n\t\t<a class=\"elementor-post__read-more\" href=\"https:\/\/www.firmalegaltishbi.com\/index.php\/2023\/10\/17\/las-lesiones-y-sus-repercusiones\/\" aria-label=\"Read more about Las Lesiones y sus Repercusiones\" tabindex=\"-1\" >\n\t\t\t\t\t<\/a>\n\n\t\t\t\t<\/div>\n\t\t\t\t<\/article>\n\t\t\t\t<article class=\"elementor-post elementor-grid-item post-785 post type-post status-publish format-standard has-post-thumbnail hentry category-uncategorized\" role=\"listitem\">\n\t\t\t\t<a class=\"elementor-post__thumbnail__link\" href=\"https:\/\/www.firmalegaltishbi.com\/index.php\/2023\/10\/03\/danos-economicos-en-lesiones-personales\/\" tabindex=\"-1\" >\n\t\t\t<div class=\"elementor-post__thumbnail\"><img decoding=\"async\" width=\"300\" height=\"300\" src=\"https:\/\/www.firmalegaltishbi.com\/wp-content\/uploads\/2023\/10\/10_03_23-300x300.png\" class=\"attachment-medium size-medium wp-image-786\" alt=\"\" srcset=\"https:\/\/www.firmalegaltishbi.com\/wp-content\/uploads\/2023\/10\/10_03_23-300x300.png 300w, https:\/\/www.firmalegaltishbi.com\/wp-content\/uploads\/2023\/10\/10_03_23-1024x1024.png 1024w, https:\/\/www.firmalegaltishbi.com\/wp-content\/uploads\/2023\/10\/10_03_23-150x150.png 150w, https:\/\/www.firmalegaltishbi.com\/wp-content\/uploads\/2023\/10\/10_03_23-768x768.png 768w, https:\/\/www.firmalegaltishbi.com\/wp-content\/uploads\/2023\/10\/10_03_23.png 1080w\" sizes=\"(max-width: 300px) 100vw, 300px\" \/><\/div>\n\t\t<\/a>\n\t\t\t\t<div class=\"elementor-post__text\">\n\t\t\t\t<h3 class=\"elementor-post__title\">\n\t\t\t<a href=\"https:\/\/www.firmalegaltishbi.com\/index.php\/2023\/10\/03\/danos-economicos-en-lesiones-personales\/\" >\n\t\t\t\tDa\u00f1os econ\u00f3micos en lesiones personales\t\t\t<\/a>\n\t\t<\/h3>\n\t\t\t\t<div class=\"elementor-post__excerpt\">\n\t\t\t<p>Si est\u00e1s aqu\u00ed es probable que hayas sufrido una lesi\u00f3n personal o conozcas a alguien en esa situaci\u00f3n. En cualquier caso, entender los t\u00e9rminos legales<\/p>\n\t\t<\/div>\n\t\t\n\t\t<a class=\"elementor-post__read-more\" href=\"https:\/\/www.firmalegaltishbi.com\/index.php\/2023\/10\/03\/danos-economicos-en-lesiones-personales\/\" aria-label=\"Read more about Da\u00f1os econ\u00f3micos en lesiones personales\" tabindex=\"-1\" >\n\t\t\t\t\t<\/a>\n\n\t\t\t\t<\/div>\n\t\t\t\t<\/article>\n\t\t\t\t<article class=\"elementor-post elementor-grid-item post-781 post type-post status-publish format-standard has-post-thumbnail hentry category-uncategorized\" role=\"listitem\">\n\t\t\t\t<a class=\"elementor-post__thumbnail__link\" href=\"https:\/\/www.firmalegaltishbi.com\/index.php\/2023\/09\/26\/el-pilar-de-la-preparacion-la-importancia-de-los-registros-detallados-en-casos-de-lesion-personal\/\" tabindex=\"-1\" >\n\t\t\t<div class=\"elementor-post__thumbnail\"><img decoding=\"async\" width=\"300\" height=\"300\" src=\"https:\/\/www.firmalegaltishbi.com\/wp-content\/uploads\/2023\/09\/09_26_23-300x300.png\" class=\"attachment-medium size-medium wp-image-782\" alt=\"\" srcset=\"https:\/\/www.firmalegaltishbi.com\/wp-content\/uploads\/2023\/09\/09_26_23-300x300.png 300w, https:\/\/www.firmalegaltishbi.com\/wp-content\/uploads\/2023\/09\/09_26_23-1024x1024.png 1024w, https:\/\/www.firmalegaltishbi.com\/wp-content\/uploads\/2023\/09\/09_26_23-150x150.png 150w, https:\/\/www.firmalegaltishbi.com\/wp-content\/uploads\/2023\/09\/09_26_23-768x768.png 768w, https:\/\/www.firmalegaltishbi.com\/wp-content\/uploads\/2023\/09\/09_26_23.png 1080w\" sizes=\"(max-width: 300px) 100vw, 300px\" \/><\/div>\n\t\t<\/a>\n\t\t\t\t<div class=\"elementor-post__text\">\n\t\t\t\t<h3 class=\"elementor-post__title\">\n\t\t\t<a href=\"https:\/\/www.firmalegaltishbi.com\/index.php\/2023\/09\/26\/el-pilar-de-la-preparacion-la-importancia-de-los-registros-detallados-en-casos-de-lesion-personal\/\" >\n\t\t\t\tEl Pilar de la Preparaci\u00f3n: La Importancia de los Registros Detallados en Casos de Lesi\u00f3n Personal\t\t\t<\/a>\n\t\t<\/h3>\n\t\t\t\t<div class=\"elementor-post__excerpt\">\n\t\t\t<p>Enfrentar un caso de lesi\u00f3n personal puede ser abrumador. Sin embargo, hay un pilar que se erige como esencial en este proceso: la meticulosa recopilaci\u00f3n<\/p>\n\t\t<\/div>\n\t\t\n\t\t<a class=\"elementor-post__read-more\" href=\"https:\/\/www.firmalegaltishbi.com\/index.php\/2023\/09\/26\/el-pilar-de-la-preparacion-la-importancia-de-los-registros-detallados-en-casos-de-lesion-personal\/\" aria-label=\"Read more about El Pilar de la Preparaci\u00f3n: La Importancia de los Registros Detallados en Casos de Lesi\u00f3n Personal\" tabindex=\"-1\" >\n\t\t\t\t\t<\/a>\n\n\t\t\t\t<\/div>\n\t\t\t\t<\/article>\n\t\t\t\t<article class=\"elementor-post elementor-grid-item post-777 post type-post status-publish format-standard has-post-thumbnail hentry category-uncategorized\" role=\"listitem\">\n\t\t\t\t<a class=\"elementor-post__thumbnail__link\" href=\"https:\/\/www.firmalegaltishbi.com\/index.php\/2023\/09\/12\/que-hacer-si-el-causante-de-tu-accidente-no-tiene-seguro\/\" tabindex=\"-1\" >\n\t\t\t<div class=\"elementor-post__thumbnail\"><img loading=\"lazy\" decoding=\"async\" width=\"300\" height=\"300\" src=\"https:\/\/www.firmalegaltishbi.com\/wp-content\/uploads\/2023\/09\/09_12_23-300x300.png\" class=\"attachment-medium size-medium wp-image-778\" alt=\"\" srcset=\"https:\/\/www.firmalegaltishbi.com\/wp-content\/uploads\/2023\/09\/09_12_23-300x300.png 300w, https:\/\/www.firmalegaltishbi.com\/wp-content\/uploads\/2023\/09\/09_12_23-1024x1024.png 1024w, https:\/\/www.firmalegaltishbi.com\/wp-content\/uploads\/2023\/09\/09_12_23-150x150.png 150w, https:\/\/www.firmalegaltishbi.com\/wp-content\/uploads\/2023\/09\/09_12_23-768x768.png 768w, https:\/\/www.firmalegaltishbi.com\/wp-content\/uploads\/2023\/09\/09_12_23.png 1080w\" sizes=\"(max-width: 300px) 100vw, 300px\" \/><\/div>\n\t\t<\/a>\n\t\t\t\t<div class=\"elementor-post__text\">\n\t\t\t\t<h3 class=\"elementor-post__title\">\n\t\t\t<a href=\"https:\/\/www.firmalegaltishbi.com\/index.php\/2023\/09\/12\/que-hacer-si-el-causante-de-tu-accidente-no-tiene-seguro\/\" >\n\t\t\t\t\u00bfQu\u00e9 hacer si el causante de tu accidente no tiene seguro?\t\t\t<\/a>\n\t\t<\/h3>\n\t\t\t\t<div class=\"elementor-post__excerpt\">\n\t\t\t<p>Los accidentes de tr\u00e1fico son situaciones lamentablemente comunes y pueden transformarse en experiencias bastante estresantes y complejas, especialmente cuando descubres que la persona responsable no<\/p>\n\t\t<\/div>\n\t\t\n\t\t<a class=\"elementor-post__read-more\" href=\"https:\/\/www.firmalegaltishbi.com\/index.php\/2023\/09\/12\/que-hacer-si-el-causante-de-tu-accidente-no-tiene-seguro\/\" aria-label=\"Read more about \u00bfQu\u00e9 hacer si el causante de tu accidente no tiene seguro?\" tabindex=\"-1\" >\n\t\t\t\t\t<\/a>\n\n\t\t\t\t<\/div>\n\t\t\t\t<\/article>\n\t\t\t\t<article class=\"elementor-post elementor-grid-item post-773 post type-post status-publish format-standard has-post-thumbnail hentry category-uncategorized\" role=\"listitem\">\n\t\t\t\t<a class=\"elementor-post__thumbnail__link\" href=\"https:\/\/www.firmalegaltishbi.com\/index.php\/2023\/08\/30\/la-gravedad-de-las-mordeduras-de-perro\/\" tabindex=\"-1\" >\n\t\t\t<div class=\"elementor-post__thumbnail\"><img loading=\"lazy\" decoding=\"async\" width=\"300\" height=\"300\" src=\"https:\/\/www.firmalegaltishbi.com\/wp-content\/uploads\/2023\/08\/08_29_23-1-300x300.png\" class=\"attachment-medium size-medium wp-image-774\" alt=\"\" srcset=\"https:\/\/www.firmalegaltishbi.com\/wp-content\/uploads\/2023\/08\/08_29_23-1-300x300.png 300w, https:\/\/www.firmalegaltishbi.com\/wp-content\/uploads\/2023\/08\/08_29_23-1-1024x1024.png 1024w, https:\/\/www.firmalegaltishbi.com\/wp-content\/uploads\/2023\/08\/08_29_23-1-150x150.png 150w, https:\/\/www.firmalegaltishbi.com\/wp-content\/uploads\/2023\/08\/08_29_23-1-768x768.png 768w, https:\/\/www.firmalegaltishbi.com\/wp-content\/uploads\/2023\/08\/08_29_23-1.png 1080w\" sizes=\"(max-width: 300px) 100vw, 300px\" \/><\/div>\n\t\t<\/a>\n\t\t\t\t<div class=\"elementor-post__text\">\n\t\t\t\t<h3 class=\"elementor-post__title\">\n\t\t\t<a href=\"https:\/\/www.firmalegaltishbi.com\/index.php\/2023\/08\/30\/la-gravedad-de-las-mordeduras-de-perro\/\" >\n\t\t\t\tLa gravedad de las mordeduras de perro\t\t\t<\/a>\n\t\t<\/h3>\n\t\t\t\t<div class=\"elementor-post__excerpt\">\n\t\t\t<p>Las mordeduras de perro no solo dejan cicatrices visibles en la piel; su impacto puede ir mucho m\u00e1s all\u00e1, causando un profundo trauma emocional. Si<\/p>\n\t\t<\/div>\n\t\t\n\t\t<a class=\"elementor-post__read-more\" href=\"https:\/\/www.firmalegaltishbi.com\/index.php\/2023\/08\/30\/la-gravedad-de-las-mordeduras-de-perro\/\" aria-label=\"Read more about La gravedad de las mordeduras de perro\" tabindex=\"-1\" >\n\t\t\t\t\t<\/a>\n\n\t\t\t\t<\/div>\n\t\t\t\t<\/article>\n\t\t\t\t<article class=\"elementor-post elementor-grid-item post-768 post type-post status-publish format-standard has-post-thumbnail hentry category-uncategorized\" role=\"listitem\">\n\t\t\t\t<a class=\"elementor-post__thumbnail__link\" href=\"https:\/\/www.firmalegaltishbi.com\/index.php\/2023\/08\/15\/riesgos-de-lesiones-por-equipo-de-construccion-defectuoso\/\" tabindex=\"-1\" >\n\t\t\t<div class=\"elementor-post__thumbnail\"><img loading=\"lazy\" decoding=\"async\" width=\"300\" height=\"300\" src=\"https:\/\/www.firmalegaltishbi.com\/wp-content\/uploads\/2023\/08\/08_15_23-300x300.png\" class=\"attachment-medium size-medium wp-image-769\" alt=\"\" srcset=\"https:\/\/www.firmalegaltishbi.com\/wp-content\/uploads\/2023\/08\/08_15_23-300x300.png 300w, https:\/\/www.firmalegaltishbi.com\/wp-content\/uploads\/2023\/08\/08_15_23-1024x1024.png 1024w, https:\/\/www.firmalegaltishbi.com\/wp-content\/uploads\/2023\/08\/08_15_23-150x150.png 150w, https:\/\/www.firmalegaltishbi.com\/wp-content\/uploads\/2023\/08\/08_15_23-768x768.png 768w, https:\/\/www.firmalegaltishbi.com\/wp-content\/uploads\/2023\/08\/08_15_23.png 1080w\" sizes=\"(max-width: 300px) 100vw, 300px\" \/><\/div>\n\t\t<\/a>\n\t\t\t\t<div class=\"elementor-post__text\">\n\t\t\t\t<h3 class=\"elementor-post__title\">\n\t\t\t<a href=\"https:\/\/www.firmalegaltishbi.com\/index.php\/2023\/08\/15\/riesgos-de-lesiones-por-equipo-de-construccion-defectuoso\/\" >\n\t\t\t\tRiesgos de Lesiones por Equipo de Construcci\u00f3n Defectuoso\t\t\t<\/a>\n\t\t<\/h3>\n\t\t\t\t<div class=\"elementor-post__excerpt\">\n\t\t\t<p>El sector de la construcci\u00f3n, si bien es uno de los pilares de la econom\u00eda moderna, est\u00e1 plagado de riesgos que no deben ser subestimados,<\/p>\n\t\t<\/div>\n\t\t\n\t\t<a class=\"elementor-post__read-more\" href=\"https:\/\/www.firmalegaltishbi.com\/index.php\/2023\/08\/15\/riesgos-de-lesiones-por-equipo-de-construccion-defectuoso\/\" aria-label=\"Read more about Riesgos de Lesiones por Equipo de Construcci\u00f3n Defectuoso\" tabindex=\"-1\" >\n\t\t\t\t\t<\/a>\n\n\t\t\t\t<\/div>\n\t\t\t\t<\/article>\n\t\t\t\t<\/div>\n\t\t\t\t\t<span class=\"e-load-more-spinner\">\n\t\t\t\t<i aria-hidden=\"true\" class=\"fas fa-spinner\"><\/i>\t\t\t<\/span>\n\t\t\n\t\t\t\t<div class=\"e-load-more-anchor\" data-page=\"1\" data-max-page=\"3\" data-next-page=\"https:\/\/www.firmalegaltishbi.com\/index.php\/wp-json\/wp\/v2\/pages\/19\/page\/2\/\"><\/div>\n\t\t\t\t<div class=\"elementor-button-wrapper\">\n\t\t\t<a class=\"elementor-button elementor-size-sm\" role=\"button\">\n\t\t\t\t\t\t<span class=\"elementor-button-content-wrapper\">\n\t\t\t\t\t\t\t\t\t<span class=\"elementor-button-text\">LEER M\u00c1S<\/span>\n\t\t\t\t\t<\/span>\n\t\t\t\t\t<\/a>\n\t\t<\/div>\n\t\t\t\t<div class=\"e-load-more-message\"><\/div>\n\t\t\t\t\t\t<\/div>\n\t\t\t\t<\/div>\n\t\t\t\t\t<\/div>\n\t\t<\/div>\n\t\t\t\t\t<\/div>\n\t\t<\/section>\n\t\t\t\t<\/div>\n\t\t","protected":false},"excerpt":{"rendered":"<p>Blog<\/p>\n","protected":false},"author":3,"featured_media":0,"parent":0,"menu_order":0,"comment_status":"closed","ping_status":"closed","template":"elementor_header_footer","meta":{"footnotes":""},"class_list":["post-19","page","type-page","status-publish","hentry"],"yoast_head":"<!-- This site is optimized with the Yoast SEO plugin v26.8 - https:\/\/yoast.com\/product\/yoast-seo-wordpress\/ -->\n<title>Blog \u2013 Firma Legal Tishbi<\/title>\n<meta name=\"robots\" content=\"index, follow, max-snippet:-1, max-image-preview:large, max-video-preview:-1\" \/>\n<link rel=\"canonical\" href=\"https:\/\/www.firmalegaltishbi.com\/index.php\/blog\/\" \/>\n<meta property=\"og:locale\" content=\"en_US\" \/>\n<meta property=\"og:type\" content=\"article\" \/>\n<meta property=\"og:title\" content=\"Blog \u2013 Firma Legal Tishbi\" \/>\n<meta property=\"og:description\" content=\"Blog\" \/>\n<meta property=\"og:url\" content=\"https:\/\/www.firmalegaltishbi.com\/index.php\/blog\/\" \/>\n<meta property=\"og:site_name\" content=\"Firma Legal Tishbi\" \/>\n<meta property=\"article:modified_time\" content=\"2023-05-31T22:54:15+00:00\" \/>\n<meta name=\"twitter:card\" content=\"summary_large_image\" \/>\n<meta name=\"twitter:label1\" content=\"Est. reading time\" \/>\n\t<meta name=\"twitter:data1\" content=\"1 minute\" \/>\n<script type=\"application\/ld+json\" class=\"yoast-schema-graph\">{\"@context\":\"https:\/\/schema.org\",\"@graph\":[{\"@type\":\"WebPage\",\"@id\":\"https:\/\/www.firmalegaltishbi.com\/index.php\/blog\/\",\"url\":\"https:\/\/www.firmalegaltishbi.com\/index.php\/blog\/\",\"name\":\"Blog \u2013 Firma Legal Tishbi\",\"isPartOf\":{\"@id\":\"https:\/\/www.firmalegaltishbi.com\/#website\"},\"datePublished\":\"2023-05-26T16:47:19+00:00\",\"dateModified\":\"2023-05-31T22:54:15+00:00\",\"breadcrumb\":{\"@id\":\"https:\/\/www.firmalegaltishbi.com\/index.php\/blog\/#breadcrumb\"},\"inLanguage\":\"en-US\",\"potentialAction\":[{\"@type\":\"ReadAction\",\"target\":[\"https:\/\/www.firmalegaltishbi.com\/index.php\/blog\/\"]}]},{\"@type\":\"BreadcrumbList\",\"@id\":\"https:\/\/www.firmalegaltishbi.com\/index.php\/blog\/#breadcrumb\",\"itemListElement\":[{\"@type\":\"ListItem\",\"position\":1,\"name\":\"Home\",\"item\":\"https:\/\/www.firmalegaltishbi.com\/\"},{\"@type\":\"ListItem\",\"position\":2,\"name\":\"Blog\"}]},{\"@type\":\"WebSite\",\"@id\":\"https:\/\/www.firmalegaltishbi.com\/#website\",\"url\":\"https:\/\/www.firmalegaltishbi.com\/\",\"name\":\"Firma Legal Tishbi\",\"description\":\"\",\"potentialAction\":[{\"@type\":\"SearchAction\",\"target\":{\"@type\":\"EntryPoint\",\"urlTemplate\":\"https:\/\/www.firmalegaltishbi.com\/?s={search_term_string}\"},\"query-input\":{\"@type\":\"PropertyValueSpecification\",\"valueRequired\":true,\"valueName\":\"search_term_string\"}}],\"inLanguage\":\"en-US\"}]}<\/script>\n<!-- \/ Yoast SEO plugin. -->","yoast_head_json":{"title":"Blog \u2013 Firma Legal Tishbi","robots":{"index":"index","follow":"follow","max-snippet":"max-snippet:-1","max-image-preview":"max-image-preview:large","max-video-preview":"max-video-preview:-1"},"canonical":"https:\/\/www.firmalegaltishbi.com\/index.php\/blog\/","og_locale":"en_US","og_type":"article","og_title":"Blog \u2013 Firma Legal Tishbi","og_description":"Blog","og_url":"https:\/\/www.firmalegaltishbi.com\/index.php\/blog\/","og_site_name":"Firma Legal Tishbi","article_modified_time":"2023-05-31T22:54:15+00:00","twitter_card":"summary_large_image","twitter_misc":{"Est. reading time":"1 minute"},"schema":{"@context":"https:\/\/schema.org","@graph":[{"@type":"WebPage","@id":"https:\/\/www.firmalegaltishbi.com\/index.php\/blog\/","url":"https:\/\/www.firmalegaltishbi.com\/index.php\/blog\/","name":"Blog \u2013 Firma Legal Tishbi","isPartOf":{"@id":"https:\/\/www.firmalegaltishbi.com\/#website"},"datePublished":"2023-05-26T16:47:19+00:00","dateModified":"2023-05-31T22:54:15+00:00","breadcrumb":{"@id":"https:\/\/www.firmalegaltishbi.com\/index.php\/blog\/#breadcrumb"},"inLanguage":"en-US","potentialAction":[{"@type":"ReadAction","target":["https:\/\/www.firmalegaltishbi.com\/index.php\/blog\/"]}]},{"@type":"BreadcrumbList","@id":"https:\/\/www.firmalegaltishbi.com\/index.php\/blog\/#breadcrumb","itemListElement":[{"@type":"ListItem","position":1,"name":"Home","item":"https:\/\/www.firmalegaltishbi.com\/"},{"@type":"ListItem","position":2,"name":"Blog"}]},{"@type":"WebSite","@id":"https:\/\/www.firmalegaltishbi.com\/#website","url":"https:\/\/www.firmalegaltishbi.com\/","name":"Firma Legal Tishbi","description":"","potentialAction":[{"@type":"SearchAction","target":{"@type":"EntryPoint","urlTemplate":"https:\/\/www.firmalegaltishbi.com\/?s={search_term_string}"},"query-input":{"@type":"PropertyValueSpecification","valueRequired":true,"valueName":"search_term_string"}}],"inLanguage":"en-US"}]}},"_links":{"self":[{"href":"https:\/\/www.firmalegaltishbi.com\/index.php\/wp-json\/wp\/v2\/pages\/19","targetHints":{"allow":["GET"]}}],"collection":[{"href":"https:\/\/www.firmalegaltishbi.com\/index.php\/wp-json\/wp\/v2\/pages"}],"about":[{"href":"https:\/\/www.firmalegaltishbi.com\/index.php\/wp-json\/wp\/v2\/types\/page"}],"author":[{"embeddable":true,"href":"https:\/\/www.firmalegaltishbi.com\/index.php\/wp-json\/wp\/v2\/users\/3"}],"replies":[{"embeddable":true,"href":"https:\/\/www.firmalegaltishbi.com\/index.php\/wp-json\/wp\/v2\/comments?post=19"}],"version-history":[{"count":0,"href":"https:\/\/www.firmalegaltishbi.com\/index.php\/wp-json\/wp\/v2\/pages\/19\/revisions"}],"wp:attachment":[{"href":"https:\/\/www.firmalegaltishbi.com\/index.php\/wp-json\/wp\/v2\/media?parent=19"}],"curies":[{"name":"wp","href":"https:\/\/api.w.org\/{rel}","templated":true}]}}