{"id":13,"date":"2023-05-26T16:46:17","date_gmt":"2023-05-26T16:46:17","guid":{"rendered":"https:\/\/www.firmalegaltishbi.com\/?page_id=13"},"modified":"2023-06-08T01:00:34","modified_gmt":"2023-06-08T01:00:34","slug":"sobre-la-firma","status":"publish","type":"page","link":"https:\/\/www.firmalegaltishbi.com\/index.php\/sobre-la-firma\/","title":{"rendered":"Sobre La Firma"},"content":{"rendered":"\t\t<div data-elementor-type=\"wp-page\" data-elementor-id=\"13\" class=\"elementor elementor-13\" data-elementor-post-type=\"page\">\n\t\t\t\t\t\t<section class=\"elementor-section elementor-top-section elementor-element elementor-element-db1cef9 elementor-section-boxed elementor-section-height-default elementor-section-height-default\" data-id=\"db1cef9\" data-element_type=\"section\">\n\t\t\t\t\t\t<div class=\"elementor-container elementor-column-gap-default\">\n\t\t\t\t\t<div class=\"elementor-column elementor-col-100 elementor-top-column elementor-element elementor-element-2eb398e\" data-id=\"2eb398e\" data-element_type=\"column\">\n\t\t\t<div class=\"elementor-widget-wrap elementor-element-populated\">\n\t\t\t\t\t\t<div class=\"elementor-element elementor-element-c538686 elementor-widget elementor-widget-heading\" data-id=\"c538686\" data-element_type=\"widget\" data-widget_type=\"heading.default\">\n\t\t\t\t<div class=\"elementor-widget-container\">\n\t\t\t\t\t<h2 class=\"elementor-heading-title elementor-size-default\">Sobre La Firma<\/h2>\t\t\t\t<\/div>\n\t\t\t\t<\/div>\n\t\t\t\t\t<\/div>\n\t\t<\/div>\n\t\t\t\t\t<\/div>\n\t\t<\/section>\n\t\t\t\t<section class=\"elementor-section elementor-top-section elementor-element elementor-element-2eba61b elementor-section-boxed elementor-section-height-default elementor-section-height-default\" data-id=\"2eba61b\" data-element_type=\"section\">\n\t\t\t\t\t\t<div class=\"elementor-container elementor-column-gap-default\">\n\t\t\t\t\t<div class=\"elementor-column elementor-col-50 elementor-top-column elementor-element elementor-element-b779dd7\" data-id=\"b779dd7\" data-element_type=\"column\">\n\t\t\t<div class=\"elementor-widget-wrap elementor-element-populated\">\n\t\t\t\t\t\t<div class=\"elementor-element elementor-element-7db40fc elementor-widget elementor-widget-image\" data-id=\"7db40fc\" data-element_type=\"widget\" data-widget_type=\"image.default\">\n\t\t\t\t<div class=\"elementor-widget-container\">\n\t\t\t\t\t\t\t\t\t\t\t\t\t\t\t<img fetchpriority=\"high\" decoding=\"async\" width=\"800\" height=\"534\" src=\"https:\/\/www.firmalegaltishbi.com\/wp-content\/uploads\/2023\/06\/Tishbi-15-1024x683.jpg\" class=\"attachment-large size-large wp-image-625\" alt=\"\" srcset=\"https:\/\/www.firmalegaltishbi.com\/wp-content\/uploads\/2023\/06\/Tishbi-15-1024x683.jpg 1024w, https:\/\/www.firmalegaltishbi.com\/wp-content\/uploads\/2023\/06\/Tishbi-15-300x200.jpg 300w, https:\/\/www.firmalegaltishbi.com\/wp-content\/uploads\/2023\/06\/Tishbi-15-768x512.jpg 768w, https:\/\/www.firmalegaltishbi.com\/wp-content\/uploads\/2023\/06\/Tishbi-15-1536x1025.jpg 1536w, https:\/\/www.firmalegaltishbi.com\/wp-content\/uploads\/2023\/06\/Tishbi-15-2048x1366.jpg 2048w\" sizes=\"(max-width: 800px) 100vw, 800px\" \/>\t\t\t\t\t\t\t\t\t\t\t\t\t\t\t<\/div>\n\t\t\t\t<\/div>\n\t\t\t\t\t<\/div>\n\t\t<\/div>\n\t\t\t\t<div class=\"elementor-column elementor-col-50 elementor-top-column elementor-element elementor-element-5f63472\" data-id=\"5f63472\" data-element_type=\"column\">\n\t\t\t<div class=\"elementor-widget-wrap elementor-element-populated\">\n\t\t\t\t\t\t<div class=\"elementor-element elementor-element-e00f568 elementor-widget elementor-widget-text-editor\" data-id=\"e00f568\" data-element_type=\"widget\" data-widget_type=\"text-editor.default\">\n\t\t\t\t<div class=\"elementor-widget-container\">\n\t\t\t\t\t\t\t\t\t<p><span style=\"font-weight: 400;\">\u00a0La Firma Legal Tishbi, desde su concepci\u00f3n, tiene un norte definido, que va de la mano con los valores y filosof\u00eda de acci\u00f3n en materia legal. Contamos con un equipo altamente comprometido con los clientes, que entiende verdaderamente sus necesidades y trabaja su estrategia en funci\u00f3n de ellos.<\/span><\/p>\t\t\t\t\t\t\t\t<\/div>\n\t\t\t\t<\/div>\n\t\t\t\t\t<\/div>\n\t\t<\/div>\n\t\t\t\t\t<\/div>\n\t\t<\/section>\n\t\t\t\t<section class=\"elementor-section elementor-top-section elementor-element elementor-element-846a3d0 elementor-section-boxed elementor-section-height-default elementor-section-height-default\" data-id=\"846a3d0\" data-element_type=\"section\" data-settings=\"{&quot;background_background&quot;:&quot;classic&quot;}\">\n\t\t\t\t\t\t<div class=\"elementor-container elementor-column-gap-default\">\n\t\t\t\t\t<div class=\"elementor-column elementor-col-50 elementor-top-column elementor-element elementor-element-b9dbb6b\" data-id=\"b9dbb6b\" data-element_type=\"column\">\n\t\t\t<div class=\"elementor-widget-wrap elementor-element-populated\">\n\t\t\t\t\t\t<div class=\"elementor-element elementor-element-c2e154b elementor-widget elementor-widget-heading\" data-id=\"c2e154b\" data-element_type=\"widget\" data-widget_type=\"heading.default\">\n\t\t\t\t<div class=\"elementor-widget-container\">\n\t\t\t\t\t<h2 class=\"elementor-heading-title elementor-size-default\">Nuestra Firma:<\/h2>\t\t\t\t<\/div>\n\t\t\t\t<\/div>\n\t\t\t\t<div class=\"elementor-element elementor-element-cfb1965 elementor-widget-divider--view-line elementor-widget elementor-widget-divider\" data-id=\"cfb1965\" data-element_type=\"widget\" data-widget_type=\"divider.default\">\n\t\t\t\t<div class=\"elementor-widget-container\">\n\t\t\t\t\t\t\t<div class=\"elementor-divider\">\n\t\t\t<span class=\"elementor-divider-separator\">\n\t\t\t\t\t\t<\/span>\n\t\t<\/div>\n\t\t\t\t\t\t<\/div>\n\t\t\t\t<\/div>\n\t\t\t\t<section class=\"elementor-section elementor-inner-section elementor-element elementor-element-469b71a elementor-section-boxed elementor-section-height-default elementor-section-height-default\" data-id=\"469b71a\" data-element_type=\"section\">\n\t\t\t\t\t\t<div class=\"elementor-container elementor-column-gap-default\">\n\t\t\t\t\t<div class=\"elementor-column elementor-col-33 elementor-inner-column elementor-element elementor-element-8071387 elementor-invisible\" data-id=\"8071387\" data-element_type=\"column\" data-settings=\"{&quot;motion_fx_motion_fx_mouse&quot;:&quot;yes&quot;,&quot;animation&quot;:&quot;pulse&quot;,&quot;background_background&quot;:&quot;classic&quot;}\">\n\t\t\t<div class=\"elementor-widget-wrap elementor-element-populated\">\n\t\t\t\t\t\t<div class=\"elementor-element elementor-element-263d40b elementor-widget elementor-widget-text-editor\" data-id=\"263d40b\" data-element_type=\"widget\" data-widget_type=\"text-editor.default\">\n\t\t\t\t<div class=\"elementor-widget-container\">\n\t\t\t\t\t\t\t\t\t<p><span style=\"font-weight: 400;\">Tiene los mejores abogados, con excelentes credenciales y calidad humana<\/span><\/p>\t\t\t\t\t\t\t\t<\/div>\n\t\t\t\t<\/div>\n\t\t\t\t\t<\/div>\n\t\t<\/div>\n\t\t\t\t<div class=\"elementor-column elementor-col-33 elementor-inner-column elementor-element elementor-element-6db4fc6 elementor-invisible\" data-id=\"6db4fc6\" data-element_type=\"column\" data-settings=\"{&quot;motion_fx_motion_fx_mouse&quot;:&quot;yes&quot;,&quot;animation&quot;:&quot;pulse&quot;,&quot;background_background&quot;:&quot;classic&quot;}\">\n\t\t\t<div class=\"elementor-widget-wrap elementor-element-populated\">\n\t\t\t\t\t\t<div class=\"elementor-element elementor-element-0971121 elementor-widget elementor-widget-text-editor\" data-id=\"0971121\" data-element_type=\"widget\" data-widget_type=\"text-editor.default\">\n\t\t\t\t<div class=\"elementor-widget-container\">\n\t\t\t\t\t\t\t\t\t<p><span style=\"font-weight: 400;\">Tiene conocimiento pleno sobre el manejo de cada \u00e1rea de pr\u00e1ctica, las leyes propias para cada caso, as\u00ed como las que dispone el estado<\/span><\/p>\t\t\t\t\t\t\t\t<\/div>\n\t\t\t\t<\/div>\n\t\t\t\t\t<\/div>\n\t\t<\/div>\n\t\t\t\t<div class=\"elementor-column elementor-col-33 elementor-inner-column elementor-element elementor-element-9e77519 elementor-invisible\" data-id=\"9e77519\" data-element_type=\"column\" data-settings=\"{&quot;motion_fx_motion_fx_mouse&quot;:&quot;yes&quot;,&quot;animation&quot;:&quot;pulse&quot;,&quot;background_background&quot;:&quot;classic&quot;}\">\n\t\t\t<div class=\"elementor-widget-wrap elementor-element-populated\">\n\t\t\t\t\t\t<div class=\"elementor-element elementor-element-f5a5714 elementor-widget elementor-widget-text-editor\" data-id=\"f5a5714\" data-element_type=\"widget\" data-widget_type=\"text-editor.default\">\n\t\t\t\t<div class=\"elementor-widget-container\">\n\t\t\t\t\t\t\t\t\t<p><span style=\"font-weight: 400;\">Brinda ayuda de valor, confianza, determinaci\u00f3n, acciones efectivas y resultados.<\/span><\/p>\t\t\t\t\t\t\t\t<\/div>\n\t\t\t\t<\/div>\n\t\t\t\t\t<\/div>\n\t\t<\/div>\n\t\t\t\t\t<\/div>\n\t\t<\/section>\n\t\t\t\t\t<\/div>\n\t\t<\/div>\n\t\t\t\t<div class=\"elementor-column elementor-col-50 elementor-top-column elementor-element elementor-element-eb17d31\" data-id=\"eb17d31\" data-element_type=\"column\">\n\t\t\t<div class=\"elementor-widget-wrap elementor-element-populated\">\n\t\t\t\t\t\t<div class=\"elementor-element elementor-element-0f1670c elementor-widget elementor-widget-image\" data-id=\"0f1670c\" data-element_type=\"widget\" data-widget_type=\"image.default\">\n\t\t\t\t<div class=\"elementor-widget-container\">\n\t\t\t\t\t\t\t\t\t\t\t\t\t\t\t<img decoding=\"async\" width=\"800\" height=\"640\" src=\"https:\/\/www.firmalegaltishbi.com\/wp-content\/uploads\/2023\/06\/Tishbi-83-1024x819.jpg\" class=\"attachment-large size-large wp-image-626\" alt=\"\" srcset=\"https:\/\/www.firmalegaltishbi.com\/wp-content\/uploads\/2023\/06\/Tishbi-83-1024x819.jpg 1024w, https:\/\/www.firmalegaltishbi.com\/wp-content\/uploads\/2023\/06\/Tishbi-83-300x240.jpg 300w, https:\/\/www.firmalegaltishbi.com\/wp-content\/uploads\/2023\/06\/Tishbi-83-768x614.jpg 768w, https:\/\/www.firmalegaltishbi.com\/wp-content\/uploads\/2023\/06\/Tishbi-83-1536x1229.jpg 1536w, https:\/\/www.firmalegaltishbi.com\/wp-content\/uploads\/2023\/06\/Tishbi-83-2048x1638.jpg 2048w\" sizes=\"(max-width: 800px) 100vw, 800px\" \/>\t\t\t\t\t\t\t\t\t\t\t\t\t\t\t<\/div>\n\t\t\t\t<\/div>\n\t\t\t\t\t<\/div>\n\t\t<\/div>\n\t\t\t\t\t<\/div>\n\t\t<\/section>\n\t\t\t\t<section class=\"elementor-section elementor-top-section elementor-element elementor-element-5fa1a67 elementor-section-boxed elementor-section-height-default elementor-section-height-default\" data-id=\"5fa1a67\" data-element_type=\"section\" data-settings=\"{&quot;background_background&quot;:&quot;classic&quot;}\">\n\t\t\t\t\t\t<div class=\"elementor-container elementor-column-gap-default\">\n\t\t\t\t\t<div class=\"elementor-column elementor-col-100 elementor-top-column elementor-element elementor-element-9417f02\" data-id=\"9417f02\" data-element_type=\"column\">\n\t\t\t<div class=\"elementor-widget-wrap elementor-element-populated\">\n\t\t\t\t\t\t<div class=\"elementor-element elementor-element-7105257 elementor-widget elementor-widget-text-editor\" data-id=\"7105257\" data-element_type=\"widget\" data-widget_type=\"text-editor.default\">\n\t\t\t\t<div class=\"elementor-widget-container\">\n\t\t\t\t\t\t\t\t\t<p><span style=\"font-weight: 400;\">Nos dedicamos a proporcionar servicios excepcionales.<\/span><\/p>\t\t\t\t\t\t\t\t<\/div>\n\t\t\t\t<\/div>\n\t\t\t\t\t<\/div>\n\t\t<\/div>\n\t\t\t\t\t<\/div>\n\t\t<\/section>\n\t\t\t\t<\/div>\n\t\t","protected":false},"excerpt":{"rendered":"<p>Sobre La Firma \u00a0La Firma Legal Tishbi, desde su concepci\u00f3n, tiene un norte definido, que va de la mano con los valores y filosof\u00eda de acci\u00f3n en materia legal. Contamos con un equipo altamente comprometido con los clientes, que entiende verdaderamente sus necesidades y trabaja su estrategia en funci\u00f3n de ellos. Nuestra Firma: Tiene los [&hellip;]<\/p>\n","protected":false},"author":3,"featured_media":0,"parent":0,"menu_order":0,"comment_status":"closed","ping_status":"closed","template":"elementor_header_footer","meta":{"footnotes":""},"class_list":["post-13","page","type-page","status-publish","hentry"],"yoast_head":"<!-- This site is optimized with the Yoast SEO plugin v26.8 - https:\/\/yoast.com\/product\/yoast-seo-wordpress\/ -->\n<title>Sobre la Firma \u2013 Firma Legal Tishbi<\/title>\n<meta name=\"robots\" content=\"index, follow, max-snippet:-1, max-image-preview:large, max-video-preview:-1\" \/>\n<link rel=\"canonical\" href=\"https:\/\/www.firmalegaltishbi.com\/index.php\/sobre-la-firma\/\" \/>\n<meta property=\"og:locale\" content=\"en_US\" \/>\n<meta property=\"og:type\" content=\"article\" \/>\n<meta property=\"og:title\" content=\"Sobre la Firma \u2013 Firma Legal Tishbi\" \/>\n<meta property=\"og:description\" content=\"Sobre La Firma \u00a0La Firma Legal Tishbi, desde su concepci\u00f3n, tiene un norte definido, que va de la mano con los valores y filosof\u00eda de acci\u00f3n en materia legal. Contamos con un equipo altamente comprometido con los clientes, que entiende verdaderamente sus necesidades y trabaja su estrategia en funci\u00f3n de ellos. Nuestra Firma: Tiene los [&hellip;]\" \/>\n<meta property=\"og:url\" content=\"https:\/\/www.firmalegaltishbi.com\/index.php\/sobre-la-firma\/\" \/>\n<meta property=\"og:site_name\" content=\"Firma Legal Tishbi\" \/>\n<meta property=\"article:modified_time\" content=\"2023-06-08T01:00:34+00:00\" \/>\n<meta property=\"og:image\" content=\"https:\/\/www.firmalegaltishbi.com\/wp-content\/uploads\/2023\/06\/Tishbi-15-1024x683.jpg\" \/>\n<meta name=\"twitter:card\" content=\"summary_large_image\" \/>\n<meta name=\"twitter:label1\" content=\"Est. reading time\" \/>\n\t<meta name=\"twitter:data1\" content=\"1 minute\" \/>\n<script type=\"application\/ld+json\" class=\"yoast-schema-graph\">{\"@context\":\"https:\/\/schema.org\",\"@graph\":[{\"@type\":\"WebPage\",\"@id\":\"https:\/\/www.firmalegaltishbi.com\/index.php\/sobre-la-firma\/\",\"url\":\"https:\/\/www.firmalegaltishbi.com\/index.php\/sobre-la-firma\/\",\"name\":\"Sobre la Firma \u2013 Firma Legal Tishbi\",\"isPartOf\":{\"@id\":\"https:\/\/www.firmalegaltishbi.com\/#website\"},\"primaryImageOfPage\":{\"@id\":\"https:\/\/www.firmalegaltishbi.com\/index.php\/sobre-la-firma\/#primaryimage\"},\"image\":{\"@id\":\"https:\/\/www.firmalegaltishbi.com\/index.php\/sobre-la-firma\/#primaryimage\"},\"thumbnailUrl\":\"https:\/\/www.firmalegaltishbi.com\/wp-content\/uploads\/2023\/06\/Tishbi-15-1024x683.jpg\",\"datePublished\":\"2023-05-26T16:46:17+00:00\",\"dateModified\":\"2023-06-08T01:00:34+00:00\",\"breadcrumb\":{\"@id\":\"https:\/\/www.firmalegaltishbi.com\/index.php\/sobre-la-firma\/#breadcrumb\"},\"inLanguage\":\"en-US\",\"potentialAction\":[{\"@type\":\"ReadAction\",\"target\":[\"https:\/\/www.firmalegaltishbi.com\/index.php\/sobre-la-firma\/\"]}]},{\"@type\":\"ImageObject\",\"inLanguage\":\"en-US\",\"@id\":\"https:\/\/www.firmalegaltishbi.com\/index.php\/sobre-la-firma\/#primaryimage\",\"url\":\"https:\/\/www.firmalegaltishbi.com\/wp-content\/uploads\/2023\/06\/Tishbi-15-scaled.jpg\",\"contentUrl\":\"https:\/\/www.firmalegaltishbi.com\/wp-content\/uploads\/2023\/06\/Tishbi-15-scaled.jpg\",\"width\":2560,\"height\":1708},{\"@type\":\"BreadcrumbList\",\"@id\":\"https:\/\/www.firmalegaltishbi.com\/index.php\/sobre-la-firma\/#breadcrumb\",\"itemListElement\":[{\"@type\":\"ListItem\",\"position\":1,\"name\":\"Home\",\"item\":\"https:\/\/www.firmalegaltishbi.com\/\"},{\"@type\":\"ListItem\",\"position\":2,\"name\":\"Sobre La Firma\"}]},{\"@type\":\"WebSite\",\"@id\":\"https:\/\/www.firmalegaltishbi.com\/#website\",\"url\":\"https:\/\/www.firmalegaltishbi.com\/\",\"name\":\"Firma Legal Tishbi\",\"description\":\"\",\"potentialAction\":[{\"@type\":\"SearchAction\",\"target\":{\"@type\":\"EntryPoint\",\"urlTemplate\":\"https:\/\/www.firmalegaltishbi.com\/?s={search_term_string}\"},\"query-input\":{\"@type\":\"PropertyValueSpecification\",\"valueRequired\":true,\"valueName\":\"search_term_string\"}}],\"inLanguage\":\"en-US\"}]}<\/script>\n<!-- \/ Yoast SEO plugin. -->","yoast_head_json":{"title":"Sobre la Firma \u2013 Firma Legal Tishbi","robots":{"index":"index","follow":"follow","max-snippet":"max-snippet:-1","max-image-preview":"max-image-preview:large","max-video-preview":"max-video-preview:-1"},"canonical":"https:\/\/www.firmalegaltishbi.com\/index.php\/sobre-la-firma\/","og_locale":"en_US","og_type":"article","og_title":"Sobre la Firma \u2013 Firma Legal Tishbi","og_description":"Sobre La Firma \u00a0La Firma Legal Tishbi, desde su concepci\u00f3n, tiene un norte definido, que va de la mano con los valores y filosof\u00eda de acci\u00f3n en materia legal. Contamos con un equipo altamente comprometido con los clientes, que entiende verdaderamente sus necesidades y trabaja su estrategia en funci\u00f3n de ellos. Nuestra Firma: Tiene los [&hellip;]","og_url":"https:\/\/www.firmalegaltishbi.com\/index.php\/sobre-la-firma\/","og_site_name":"Firma Legal Tishbi","article_modified_time":"2023-06-08T01:00:34+00:00","og_image":[{"url":"https:\/\/www.firmalegaltishbi.com\/wp-content\/uploads\/2023\/06\/Tishbi-15-1024x683.jpg","type":"","width":"","height":""}],"twitter_card":"summary_large_image","twitter_misc":{"Est. reading time":"1 minute"},"schema":{"@context":"https:\/\/schema.org","@graph":[{"@type":"WebPage","@id":"https:\/\/www.firmalegaltishbi.com\/index.php\/sobre-la-firma\/","url":"https:\/\/www.firmalegaltishbi.com\/index.php\/sobre-la-firma\/","name":"Sobre la Firma \u2013 Firma Legal Tishbi","isPartOf":{"@id":"https:\/\/www.firmalegaltishbi.com\/#website"},"primaryImageOfPage":{"@id":"https:\/\/www.firmalegaltishbi.com\/index.php\/sobre-la-firma\/#primaryimage"},"image":{"@id":"https:\/\/www.firmalegaltishbi.com\/index.php\/sobre-la-firma\/#primaryimage"},"thumbnailUrl":"https:\/\/www.firmalegaltishbi.com\/wp-content\/uploads\/2023\/06\/Tishbi-15-1024x683.jpg","datePublished":"2023-05-26T16:46:17+00:00","dateModified":"2023-06-08T01:00:34+00:00","breadcrumb":{"@id":"https:\/\/www.firmalegaltishbi.com\/index.php\/sobre-la-firma\/#breadcrumb"},"inLanguage":"en-US","potentialAction":[{"@type":"ReadAction","target":["https:\/\/www.firmalegaltishbi.com\/index.php\/sobre-la-firma\/"]}]},{"@type":"ImageObject","inLanguage":"en-US","@id":"https:\/\/www.firmalegaltishbi.com\/index.php\/sobre-la-firma\/#primaryimage","url":"https:\/\/www.firmalegaltishbi.com\/wp-content\/uploads\/2023\/06\/Tishbi-15-scaled.jpg","contentUrl":"https:\/\/www.firmalegaltishbi.com\/wp-content\/uploads\/2023\/06\/Tishbi-15-scaled.jpg","width":2560,"height":1708},{"@type":"BreadcrumbList","@id":"https:\/\/www.firmalegaltishbi.com\/index.php\/sobre-la-firma\/#breadcrumb","itemListElement":[{"@type":"ListItem","position":1,"name":"Home","item":"https:\/\/www.firmalegaltishbi.com\/"},{"@type":"ListItem","position":2,"name":"Sobre La Firma"}]},{"@type":"WebSite","@id":"https:\/\/www.firmalegaltishbi.com\/#website","url":"https:\/\/www.firmalegaltishbi.com\/","name":"Firma Legal Tishbi","description":"","potentialAction":[{"@type":"SearchAction","target":{"@type":"EntryPoint","urlTemplate":"https:\/\/www.firmalegaltishbi.com\/?s={search_term_string}"},"query-input":{"@type":"PropertyValueSpecification","valueRequired":true,"valueName":"search_term_string"}}],"inLanguage":"en-US"}]}},"_links":{"self":[{"href":"https:\/\/www.firmalegaltishbi.com\/index.php\/wp-json\/wp\/v2\/pages\/13","targetHints":{"allow":["GET"]}}],"collection":[{"href":"https:\/\/www.firmalegaltishbi.com\/index.php\/wp-json\/wp\/v2\/pages"}],"about":[{"href":"https:\/\/www.firmalegaltishbi.com\/index.php\/wp-json\/wp\/v2\/types\/page"}],"author":[{"embeddable":true,"href":"https:\/\/www.firmalegaltishbi.com\/index.php\/wp-json\/wp\/v2\/users\/3"}],"replies":[{"embeddable":true,"href":"https:\/\/www.firmalegaltishbi.com\/index.php\/wp-json\/wp\/v2\/comments?post=13"}],"version-history":[{"count":0,"href":"https:\/\/www.firmalegaltishbi.com\/index.php\/wp-json\/wp\/v2\/pages\/13\/revisions"}],"wp:attachment":[{"href":"https:\/\/www.firmalegaltishbi.com\/index.php\/wp-json\/wp\/v2\/media?parent=13"}],"curies":[{"name":"wp","href":"https:\/\/api.w.org\/{rel}","templated":true}]}}